{"id":453897,"date":"2021-03-08T12:49:05","date_gmt":"2021-03-08T12:49:05","guid":{"rendered":"https:\/\/masdedos.org\/politica-de-cookies\/"},"modified":"2021-03-08T12:49:05","modified_gmt":"2021-03-08T12:49:05","slug":"politica-de-cookies","status":"publish","type":"page","link":"https:\/\/masdedos.org\/val\/politica-de-cookies\/","title":{"rendered":"Politica de Cookies"},"content":{"rendered":"<p>Les cookies s\u00f3n fichers que es descarreguen en el seu ordenador en accedir a determinades p\u00e0gines web. Les cookies faciliten a una p\u00e0gina web almagasenar i recuperar informaci\u00f3 sobre els h\u00e0bits de navegaci\u00f3 d&#8217;un client i, depenent de l&#8217;informaci\u00f3 que continguen i de la forma en que s&#8217;utilise el seu equip, poden servir per a recon\u00e9ixer-ho.<\/p>\n<p>No obstant, estos mijos nom\u00e9s obtenen informaci\u00f3 relacionada en el n\u00famero de p\u00e0gines visites, la ciutat a la que est\u00e0 assignada la direcci\u00f3 IP des de la que s&#8217;accedix, el n\u00famero de nous usuaris, la freq\u00fc\u00e8ncia i reincid\u00e8ncia de les visites, el temps de visita, el navegador o l&#8217;operador o tipo de terminal des del que es realisa la visita. En cap cas s&#8217;obtenen senyes sobre el nom, llinages, direcci\u00f3 postal o atres senyes an\u00e0logues de l&#8217;usuari que s&#8217;ha conectat.<\/p>\n<p>Les cookies utilisades en esta p\u00e0gina Web es classifiquen segons la seg\u00fcent finalitat:<\/p>\n<p>T\u00e8cniques o necess\u00e0ries: S\u00f3n imprescindibles per a garantisar el funcionament de la web i, per aix\u00f2, no es poden desactivar.<\/p>\n<p>Anal\u00edtiques o estad\u00edstiques: En esta finalitat s&#8217;ampren cookies pr\u00f2pies o de tercers. S&#8217;ampren per a obtindre el n\u00famero de visites, la freq\u00fc\u00e8ncia de les mateixes, l&#8217;us de les distintes zones del site\u2026<\/p>\n<p>De personalisaci\u00f3 o prefer\u00e8ncies: Fan possible conservar perfils d&#8217;acc\u00e9s, com la selecci\u00f3 de l&#8217;idioma, l&#8217;aspecte de la p\u00e0gina, la configuraci\u00f3 en funci\u00f3 del navegador utilisat\u2026<\/p>\n<p>Publicit\u00e0ries: Poden ser pr\u00f2pies o de tercers. Guarden senyes sobre els h\u00e0bits de navegaci\u00f3 de l&#8217;usuari per a personalisar la publicitat que se li oferix.<\/p>\n<p>Podr\u00e0s gestionar els teus consentiment en relaci\u00f3 en les Cookies que usa la nostra web a trav\u00e9s del seg\u00fcent enlla\u00e7: AC\u00cd<\/p>\n<p>Vost\u00e9 tamb\u00e9 pot permetre, bloquejar o eliminar les cookies instalades en el seu equip per mig de la configuraci\u00f3 de les opcions del seu navegador. Pot trobar informaci\u00f3 sobre c\u00f3m fer-ho, en relaci\u00f3 en els navegadors m\u00e9s comuns, en els enlla\u00e7os que s&#8217;inclouen a continuaci\u00f3:<\/p>\n<ul>\n<li>Explorer: <a href=\"https:\/\/support.microsoft.com\/\u00e9s-\u00e9s\/help\/17442\/windows-internet-explorer-delete-manage-cookies\">https:\/\/support.microsoft.com\/\u00e9s-\u00e9s\/help\/17442\/windows-internet-explorer-delete-manage-cookies<\/a><\/li>\n<li>Firefox: <a href=\"https:\/\/support.mozilla.org\/\u00e9s\/kb\/habilitar-i-deshabilitar-cookies-llocs-web-rastrejar-prefer\u00e8ncies\">https:\/\/support.mozilla.org\/\u00e9s\/kb\/habilitar-i-deshabilitar-cookies-llocs-web-rastrejar-prefer\u00e8ncies<\/a><\/li>\n<li>Chrome: <a href=\"http:\/\/support.google.com\/chrome\/bin\/answer.py?hl=\u00e9s&amp;amp;answer=95647\">http:\/\/support.google.com\/chrome\/bin\/answer.py?hl=\u00e9s&amp;amp;answer=95647<\/a><\/li>\n<li>Safari: <a href=\"http:\/\/support.apple.com\/kb\/ph5042\">http:\/\/support.apple.com\/kb\/ph5042<\/a><\/li>\n<\/ul>\n<p>Li informem, no obstant, de la possibilitat de que la desactivaci\u00f3 d&#8217;alguna cookie impedixca o dificulte la navegaci\u00f3 o la prestaci\u00f3 dels servicis oferits en esta Web.<\/p>\n","protected":false},"excerpt":{"rendered":"<p>Les cookies s\u00f3n fichers que es descarreguen en el seu ordenador en accedir a determinades p\u00e0gines web. Les cookies faciliten a una p\u00e0gina web almagasenar i recuperar informaci\u00f3 sobre els h\u00e0bits de navegaci\u00f3 d&#8217;un client i, depenent de l&#8217;informaci\u00f3 que continguen i de la forma&#8230;<\/p>\n","protected":false},"author":1,"featured_media":0,"parent":0,"menu_order":1,"comment_status":"closed","ping_status":"closed","template":"","meta":{"content-type":"","footnotes":""},"yoast_head":"<!-- This site is optimized with the Yoast SEO plugin v23.4 - https:\/\/yoast.com\/wordpress\/plugins\/seo\/ -->\n<title>Politica de Cookies - M\u00c1S DE DOS<\/title>\n<meta name=\"robots\" content=\"index, follow, max-snippet:-1, max-image-preview:large, max-video-preview:-1\" \/>\n<link rel=\"canonical\" href=\"https:\/\/masdedos.org\/val\/politica-de-cookies\/\" \/>\n<meta property=\"og:locale\" content=\"en_US\" \/>\n<meta property=\"og:type\" content=\"article\" \/>\n<meta property=\"og:title\" content=\"Politica de Cookies - M\u00c1S DE DOS\" \/>\n<meta property=\"og:description\" content=\"Les cookies s\u00f3n fichers que es descarreguen en el seu ordenador en accedir a determinades p\u00e0gines web. Les cookies faciliten a una p\u00e0gina web almagasenar i recuperar informaci\u00f3 sobre els h\u00e0bits de navegaci\u00f3 d&#8217;un client i, depenent de l&#8217;informaci\u00f3 que continguen i de la forma...\" \/>\n<meta property=\"og:url\" content=\"https:\/\/masdedos.org\/val\/politica-de-cookies\/\" \/>\n<meta property=\"og:site_name\" content=\"M\u00c1S DE DOS\" \/>\n<meta name=\"twitter:card\" content=\"summary_large_image\" \/>\n<meta name=\"twitter:label1\" content=\"Est. reading time\" \/>\n\t<meta name=\"twitter:data1\" content=\"2 minutes\" \/>\n<script type=\"application\/ld+json\" class=\"yoast-schema-graph\">{\"@context\":\"https:\/\/schema.org\",\"@graph\":[{\"@type\":\"WebPage\",\"@id\":\"https:\/\/masdedos.org\/val\/politica-de-cookies\/\",\"url\":\"https:\/\/masdedos.org\/val\/politica-de-cookies\/\",\"name\":\"Politica de Cookies - M\u00c1S DE DOS\",\"isPartOf\":{\"@id\":\"https:\/\/masdedos.org\/val\/#website\"},\"datePublished\":\"2021-03-08T12:49:05+00:00\",\"dateModified\":\"2021-03-08T12:49:05+00:00\",\"breadcrumb\":{\"@id\":\"https:\/\/masdedos.org\/val\/politica-de-cookies\/#breadcrumb\"},\"inLanguage\":\"val\",\"potentialAction\":[{\"@type\":\"ReadAction\",\"target\":[\"https:\/\/masdedos.org\/val\/politica-de-cookies\/\"]}]},{\"@type\":\"BreadcrumbList\",\"@id\":\"https:\/\/masdedos.org\/val\/politica-de-cookies\/#breadcrumb\",\"itemListElement\":[{\"@type\":\"ListItem\",\"position\":1,\"name\":\"Portada\",\"item\":\"https:\/\/masdedos.org\/val\/\"},{\"@type\":\"ListItem\",\"position\":2,\"name\":\"Politica de Cookies\"}]},{\"@type\":\"WebSite\",\"@id\":\"https:\/\/masdedos.org\/val\/#website\",\"url\":\"https:\/\/masdedos.org\/val\/\",\"name\":\"M\u00c1S DE DOS\",\"description\":\"Asociaci\u00f3n de Familias Numerosas de Valencia\",\"potentialAction\":[{\"@type\":\"SearchAction\",\"target\":{\"@type\":\"EntryPoint\",\"urlTemplate\":\"https:\/\/masdedos.org\/val\/?s={search_term_string}\"},\"query-input\":{\"@type\":\"PropertyValueSpecification\",\"valueRequired\":true,\"valueName\":\"search_term_string\"}}],\"inLanguage\":\"val\"}]}<\/script>\n<!-- \/ Yoast SEO plugin. -->","yoast_head_json":{"title":"Politica de Cookies - M\u00c1S DE DOS","robots":{"index":"index","follow":"follow","max-snippet":"max-snippet:-1","max-image-preview":"max-image-preview:large","max-video-preview":"max-video-preview:-1"},"canonical":"https:\/\/masdedos.org\/val\/politica-de-cookies\/","og_locale":"en_US","og_type":"article","og_title":"Politica de Cookies - M\u00c1S DE DOS","og_description":"Les cookies s\u00f3n fichers que es descarreguen en el seu ordenador en accedir a determinades p\u00e0gines web. Les cookies faciliten a una p\u00e0gina web almagasenar i recuperar informaci\u00f3 sobre els h\u00e0bits de navegaci\u00f3 d&#8217;un client i, depenent de l&#8217;informaci\u00f3 que continguen i de la forma...","og_url":"https:\/\/masdedos.org\/val\/politica-de-cookies\/","og_site_name":"M\u00c1S DE DOS","twitter_card":"summary_large_image","twitter_misc":{"Est. reading time":"2 minutes"},"schema":{"@context":"https:\/\/schema.org","@graph":[{"@type":"WebPage","@id":"https:\/\/masdedos.org\/val\/politica-de-cookies\/","url":"https:\/\/masdedos.org\/val\/politica-de-cookies\/","name":"Politica de Cookies - M\u00c1S DE DOS","isPartOf":{"@id":"https:\/\/masdedos.org\/val\/#website"},"datePublished":"2021-03-08T12:49:05+00:00","dateModified":"2021-03-08T12:49:05+00:00","breadcrumb":{"@id":"https:\/\/masdedos.org\/val\/politica-de-cookies\/#breadcrumb"},"inLanguage":"val","potentialAction":[{"@type":"ReadAction","target":["https:\/\/masdedos.org\/val\/politica-de-cookies\/"]}]},{"@type":"BreadcrumbList","@id":"https:\/\/masdedos.org\/val\/politica-de-cookies\/#breadcrumb","itemListElement":[{"@type":"ListItem","position":1,"name":"Portada","item":"https:\/\/masdedos.org\/val\/"},{"@type":"ListItem","position":2,"name":"Politica de Cookies"}]},{"@type":"WebSite","@id":"https:\/\/masdedos.org\/val\/#website","url":"https:\/\/masdedos.org\/val\/","name":"M\u00c1S DE DOS","description":"Asociaci\u00f3n de Familias Numerosas de Valencia","potentialAction":[{"@type":"SearchAction","target":{"@type":"EntryPoint","urlTemplate":"https:\/\/masdedos.org\/val\/?s={search_term_string}"},"query-input":{"@type":"PropertyValueSpecification","valueRequired":true,"valueName":"search_term_string"}}],"inLanguage":"val"}]}},"_links":{"self":[{"href":"https:\/\/masdedos.org\/val\/wp-json\/wp\/v2\/pages\/453897"}],"collection":[{"href":"https:\/\/masdedos.org\/val\/wp-json\/wp\/v2\/pages"}],"about":[{"href":"https:\/\/masdedos.org\/val\/wp-json\/wp\/v2\/types\/page"}],"author":[{"embeddable":true,"href":"https:\/\/masdedos.org\/val\/wp-json\/wp\/v2\/users\/1"}],"replies":[{"embeddable":true,"href":"https:\/\/masdedos.org\/val\/wp-json\/wp\/v2\/comments?post=453897"}],"version-history":[{"count":0,"href":"https:\/\/masdedos.org\/val\/wp-json\/wp\/v2\/pages\/453897\/revisions"}],"wp:attachment":[{"href":"https:\/\/masdedos.org\/val\/wp-json\/wp\/v2\/media?parent=453897"}],"curies":[{"name":"wp","href":"https:\/\/api.w.org\/{rel}","templated":true}]}}