{"id":453895,"date":"2020-07-23T09:59:40","date_gmt":"2020-07-23T09:59:40","guid":{"rendered":"https:\/\/masdedos.org\/politica-de-privacitat\/"},"modified":"2025-05-15T10:20:27","modified_gmt":"2025-05-15T10:20:27","slug":"politica-de-privacitat","status":"publish","type":"page","link":"https:\/\/masdedos.org\/val\/politica-de-privacitat\/","title":{"rendered":"Pol\u00edtica de privacitat"},"content":{"rendered":"<p>A efectes de lo dispost en el Reglament Europeu de Protecci\u00f3 de Senyes, MAS DE DOS FAM\u00cdLIES NUMEROSES DE VAL\u00c9NCIA li informa que en determinades \u00e0rees de la nostra Web se solicita a l&#8217;usuari una s\u00e9rie de senyes de car\u00e0cter personal.<\/p>\n<p>L&#8217;usuari sempre t\u00e9 l&#8217;opci\u00f3 d&#8217;acceptar o rebujar les condicions llegals baix les quals facilitar\u00e0 eixes senyes. Es considera eixa acceptaci\u00f3 com a consentiment informat, i autorisa expressament el tractament en les seg\u00fcents caracter\u00edstiques:<\/p>\n<p><strong>INFORMACI\u00d3 B\u00c0SICA SOBRE PROTECCI\u00d3 DE SENYES<\/strong><\/p>\n<p><strong>Responsable del ficher<\/strong><\/p>\n<p>MAS DE DOS FAM\u00cdLIES NUMEROSES DE VAL\u00c9NCIA<\/p>\n<p><strong>Domicili del responsable<\/strong><\/p>\n<ol start=\"3\">\n<li>GRAN VIA MARQU\u00c9S DEL TURIA, 35 \u2013 PTA. 9 46005 Val\u00e9ncia<\/li>\n<\/ol>\n<p><strong>Finalitat<\/strong><\/p>\n<p>Atendre la seua solicitut d&#8217;informaci\u00f3 o un atre tipo de peticions que haja realisat per mig de la nostra p\u00e0gina web.<\/p>\n<p><strong>Llegitimaci\u00f3<\/strong><\/p>\n<p>Consentiment de l&#8217;afectat.<\/p>\n<p><strong>Destinataris de cessions de senyes<\/strong><\/p>\n<p>Les senyes que nos facilite \u00fanicament seran objecte de cessi\u00f3 a la Federaci\u00f3 Espanyola de Fam\u00edlies Numeroses a la que pertany esta associaci\u00f3.<\/p>\n<p><strong>Drets<\/strong><\/p>\n<p>Acc\u00e9s, rectificaci\u00f3, supressi\u00f3 i oposici\u00f3 al tractament de senyes.<\/p>\n<p><strong>Informaci\u00f3 adicional<\/strong><\/p>\n<p>Pot solicitar-nos informaci\u00f3 adicional i detallada sobre Protecci\u00f3 de Senyes en la direcci\u00f3 de correu electr\u00f2nic que figura en les nostres senyes de contacte.<\/p>\n<p>MAS DE DOS FAM\u00cdLIES NUMEROSES DE VAL\u00c9NCIA considera que les senyes dels usuaris registrats s\u00f3n de la major import\u00e0ncia i per aix\u00f2 es compromet al compliment de la seua obligaci\u00f3 de secret de les senyes de car\u00e0cter personal i del seu deure tractar-los en confidencialitat, per lo que ha elaborat un Registre d&#8217;Activitats de Tractament que arreplega les mides destinades a protegir la confidencialitat de les senyes de car\u00e0cter personal que obren en el seu poder, d&#8217;acort en el Reglament Europeu de Protecci\u00f3 de Senyes.<\/p>\n<h2>Senyes recaptades a trav\u00e9s dels formularis<\/h2>\n<p>Les senyes recaptades a trav\u00e9s dels formularis de recollida de senyes d&#8217;est sitie web seran incorporats a un ficher de senyes de car\u00e0cter personal, del com \u00e9s responsable l&#8217;associaci\u00f3 MES DE DOS FAM\u00cdLIES NUMEROSES DE VAL\u00c9NCIA i l&#8217;\u00fanica finalitat de les quals \u00e9s atendre les peticions que es realisen per mig d&#8217;este mig, web o email.<\/p>\n<p>Quan vost\u00e9 nos solicite informaci\u00f3, li contestarem en un email i en cas de voler associar-se en un formulari a on podr\u00e0 con\u00e9ixer la nostra pol\u00edtica de protecci\u00f3 de senyes i privacitat. Per aix\u00f2 li preguem que fins que no es pose en contacte en un professional de l&#8217;associaci\u00f3 o reba eixe formulari en l&#8217;informaci\u00f3 no envie m\u00e9s que les senyes m\u00ednimes necess\u00e0ries per al contacte.<\/p>\n<p>En tot cas, esta associaci\u00f3 tractar\u00e0 les senyes de forma confidencial i exclusivament en la finalitat d&#8217;oferir els servicis solicitats, en totes les garanties llegals i de seguritat que impon la Llei Org\u00e0nica 3\/2018 i la Llei 34\/2002.<\/p>\n<p>Mes de Dos Fam\u00edlies Numeroses de Val\u00e9ncia es compromet a no cedir, vendre, ni compartir les senyes en tercers sense la seua aprovaci\u00f3 pr\u00e8via expressa i escrita. Aixina mateix, Mes de Dos Fam\u00edlies Numeroses de Val\u00e9ncia cancelar\u00e0 o rectificar\u00e0 les senyes quan resulten *inexactos, incomplets o hagen deixat de ser necessaris o pertinents per a la seua finalitat, de conformitat en lo previst en la normativa indicada. L&#8217;usuari podr\u00e0 revocar el consentiment prestat i eixercir els drets d&#8217;acc\u00e9s, rectificaci\u00f3, cancelaci\u00f3 i oposici\u00f3 dirigint-se a tal efecte al domicili Calle de Jorge Juan, 27, porta 3. 46002 de Val\u00e9ncia, identificant-se degudament i indicant de forma visible el concret dret que s&#8217;eixercix, si be seran l\u00edcits els tractaments realisats anteriorment. Este dret pot eixercitar-ho\u00a0per correu ordinari o per mig d&#8217;email especificant el dret que desija eixercitar.<\/p>\n<p>Les senyes seran tractades sobre la base jur\u00eddica del consentiment de la persona que els proporciona. Pot retirar-se dit consentiment en qualsevol moment, si ben aix\u00f2 no afectar\u00e0 a la licitut dels tractaments efectuats en anterioritat.<\/p>\n<p>En cap cas poden enviar senyes els menors d&#8217;edat, ni utilisar-se fraudulentament dits senyes. Si es faciliten senyes de tercers, qui ho fa\u00e7a assumix la responsabilitat d&#8217;informar-los pr\u00e8viament de lo previst en l&#8217;art\u00edcul 14 del RGPD. Front a qualsevol vulneraci\u00f3 de drets, pot presentar-se una reclamaci\u00f3 davant l&#8217;Ag\u00e8ncia Espanyola de Protecci\u00f3 de Senyes.<\/p>\n<p>&nbsp;<\/p>\n","protected":false},"excerpt":{"rendered":"<p>A efectes de lo dispost en el Reglament Europeu de Protecci\u00f3 de Senyes, MAS DE DOS FAM\u00cdLIES NUMEROSES DE VAL\u00c9NCIA li informa que en determinades \u00e0rees de la nostra Web se solicita a l&#8217;usuari una s\u00e9rie de senyes de car\u00e0cter personal. L&#8217;usuari sempre t\u00e9 l&#8217;opci\u00f3&#8230;<\/p>\n","protected":false},"author":1,"featured_media":0,"parent":0,"menu_order":13,"comment_status":"closed","ping_status":"open","template":"","meta":{"content-type":"","footnotes":""},"yoast_head":"<!-- This site is optimized with the Yoast SEO plugin v23.4 - https:\/\/yoast.com\/wordpress\/plugins\/seo\/ -->\n<title>Pol\u00edtica de privacitat - M\u00c1S DE DOS<\/title>\n<meta name=\"robots\" content=\"index, follow, max-snippet:-1, max-image-preview:large, max-video-preview:-1\" \/>\n<link rel=\"canonical\" href=\"https:\/\/masdedos.org\/val\/politica-de-privacitat\/\" \/>\n<meta property=\"og:locale\" content=\"en_US\" \/>\n<meta property=\"og:type\" content=\"article\" \/>\n<meta property=\"og:title\" content=\"Pol\u00edtica de privacitat - M\u00c1S DE DOS\" \/>\n<meta property=\"og:description\" content=\"A efectes de lo dispost en el Reglament Europeu de Protecci\u00f3 de Senyes, MAS DE DOS FAM\u00cdLIES NUMEROSES DE VAL\u00c9NCIA li informa que en determinades \u00e0rees de la nostra Web se solicita a l&#8217;usuari una s\u00e9rie de senyes de car\u00e0cter personal. L&#8217;usuari sempre t\u00e9 l&#8217;opci\u00f3...\" \/>\n<meta property=\"og:url\" content=\"https:\/\/masdedos.org\/val\/politica-de-privacitat\/\" \/>\n<meta property=\"og:site_name\" content=\"M\u00c1S DE DOS\" \/>\n<meta property=\"article:modified_time\" content=\"2025-05-15T10:20:27+00:00\" \/>\n<meta name=\"twitter:card\" content=\"summary_large_image\" \/>\n<meta name=\"twitter:label1\" content=\"Est. reading time\" \/>\n\t<meta name=\"twitter:data1\" content=\"4 minutes\" \/>\n<script type=\"application\/ld+json\" class=\"yoast-schema-graph\">{\"@context\":\"https:\/\/schema.org\",\"@graph\":[{\"@type\":\"WebPage\",\"@id\":\"https:\/\/masdedos.org\/val\/politica-de-privacitat\/\",\"url\":\"https:\/\/masdedos.org\/val\/politica-de-privacitat\/\",\"name\":\"Pol\u00edtica de privacitat - M\u00c1S DE DOS\",\"isPartOf\":{\"@id\":\"https:\/\/masdedos.org\/val\/#website\"},\"datePublished\":\"2020-07-23T09:59:40+00:00\",\"dateModified\":\"2025-05-15T10:20:27+00:00\",\"breadcrumb\":{\"@id\":\"https:\/\/masdedos.org\/val\/politica-de-privacitat\/#breadcrumb\"},\"inLanguage\":\"val\",\"potentialAction\":[{\"@type\":\"ReadAction\",\"target\":[\"https:\/\/masdedos.org\/val\/politica-de-privacitat\/\"]}]},{\"@type\":\"BreadcrumbList\",\"@id\":\"https:\/\/masdedos.org\/val\/politica-de-privacitat\/#breadcrumb\",\"itemListElement\":[{\"@type\":\"ListItem\",\"position\":1,\"name\":\"Portada\",\"item\":\"https:\/\/masdedos.org\/val\/\"},{\"@type\":\"ListItem\",\"position\":2,\"name\":\"Pol\u00edtica de privacitat\"}]},{\"@type\":\"WebSite\",\"@id\":\"https:\/\/masdedos.org\/val\/#website\",\"url\":\"https:\/\/masdedos.org\/val\/\",\"name\":\"M\u00c1S DE DOS\",\"description\":\"Asociaci\u00f3n de Familias Numerosas de Valencia\",\"potentialAction\":[{\"@type\":\"SearchAction\",\"target\":{\"@type\":\"EntryPoint\",\"urlTemplate\":\"https:\/\/masdedos.org\/val\/?s={search_term_string}\"},\"query-input\":{\"@type\":\"PropertyValueSpecification\",\"valueRequired\":true,\"valueName\":\"search_term_string\"}}],\"inLanguage\":\"val\"}]}<\/script>\n<!-- \/ Yoast SEO plugin. -->","yoast_head_json":{"title":"Pol\u00edtica de privacitat - M\u00c1S DE DOS","robots":{"index":"index","follow":"follow","max-snippet":"max-snippet:-1","max-image-preview":"max-image-preview:large","max-video-preview":"max-video-preview:-1"},"canonical":"https:\/\/masdedos.org\/val\/politica-de-privacitat\/","og_locale":"en_US","og_type":"article","og_title":"Pol\u00edtica de privacitat - M\u00c1S DE DOS","og_description":"A efectes de lo dispost en el Reglament Europeu de Protecci\u00f3 de Senyes, MAS DE DOS FAM\u00cdLIES NUMEROSES DE VAL\u00c9NCIA li informa que en determinades \u00e0rees de la nostra Web se solicita a l&#8217;usuari una s\u00e9rie de senyes de car\u00e0cter personal. L&#8217;usuari sempre t\u00e9 l&#8217;opci\u00f3...","og_url":"https:\/\/masdedos.org\/val\/politica-de-privacitat\/","og_site_name":"M\u00c1S DE DOS","article_modified_time":"2025-05-15T10:20:27+00:00","twitter_card":"summary_large_image","twitter_misc":{"Est. reading time":"4 minutes"},"schema":{"@context":"https:\/\/schema.org","@graph":[{"@type":"WebPage","@id":"https:\/\/masdedos.org\/val\/politica-de-privacitat\/","url":"https:\/\/masdedos.org\/val\/politica-de-privacitat\/","name":"Pol\u00edtica de privacitat - M\u00c1S DE DOS","isPartOf":{"@id":"https:\/\/masdedos.org\/val\/#website"},"datePublished":"2020-07-23T09:59:40+00:00","dateModified":"2025-05-15T10:20:27+00:00","breadcrumb":{"@id":"https:\/\/masdedos.org\/val\/politica-de-privacitat\/#breadcrumb"},"inLanguage":"val","potentialAction":[{"@type":"ReadAction","target":["https:\/\/masdedos.org\/val\/politica-de-privacitat\/"]}]},{"@type":"BreadcrumbList","@id":"https:\/\/masdedos.org\/val\/politica-de-privacitat\/#breadcrumb","itemListElement":[{"@type":"ListItem","position":1,"name":"Portada","item":"https:\/\/masdedos.org\/val\/"},{"@type":"ListItem","position":2,"name":"Pol\u00edtica de privacitat"}]},{"@type":"WebSite","@id":"https:\/\/masdedos.org\/val\/#website","url":"https:\/\/masdedos.org\/val\/","name":"M\u00c1S DE DOS","description":"Asociaci\u00f3n de Familias Numerosas de Valencia","potentialAction":[{"@type":"SearchAction","target":{"@type":"EntryPoint","urlTemplate":"https:\/\/masdedos.org\/val\/?s={search_term_string}"},"query-input":{"@type":"PropertyValueSpecification","valueRequired":true,"valueName":"search_term_string"}}],"inLanguage":"val"}]}},"_links":{"self":[{"href":"https:\/\/masdedos.org\/val\/wp-json\/wp\/v2\/pages\/453895"}],"collection":[{"href":"https:\/\/masdedos.org\/val\/wp-json\/wp\/v2\/pages"}],"about":[{"href":"https:\/\/masdedos.org\/val\/wp-json\/wp\/v2\/types\/page"}],"author":[{"embeddable":true,"href":"https:\/\/masdedos.org\/val\/wp-json\/wp\/v2\/users\/1"}],"replies":[{"embeddable":true,"href":"https:\/\/masdedos.org\/val\/wp-json\/wp\/v2\/comments?post=453895"}],"version-history":[{"count":1,"href":"https:\/\/masdedos.org\/val\/wp-json\/wp\/v2\/pages\/453895\/revisions"}],"predecessor-version":[{"id":453900,"href":"https:\/\/masdedos.org\/val\/wp-json\/wp\/v2\/pages\/453895\/revisions\/453900"}],"wp:attachment":[{"href":"https:\/\/masdedos.org\/val\/wp-json\/wp\/v2\/media?parent=453895"}],"curies":[{"name":"wp","href":"https:\/\/api.w.org\/{rel}","templated":true}]}}