{"id":453893,"date":"2020-08-25T09:59:07","date_gmt":"2020-08-25T09:59:07","guid":{"rendered":"https:\/\/masdedos.org\/avis-llegal\/"},"modified":"2020-08-25T09:59:07","modified_gmt":"2020-08-25T09:59:07","slug":"avis-llegal","status":"publish","type":"page","link":"https:\/\/masdedos.org\/val\/avis-llegal\/","title":{"rendered":"Av\u00eds Llegal"},"content":{"rendered":"<p>L&#8217;utilisaci\u00f3 d&#8217;est sitie web aixina com de qualsevol dels seus servicis implica la llectura, comprensi\u00f3 i acceptaci\u00f3 del present av\u00eds llegal per part de l&#8217;usuari.<br \/>\nEn compliment de lo establit en la Llei 34\/2002, d&#8217;11 de juliol, de Servicis de la Societat de l&#8217;Informaci\u00f3 i el Comer\u00e7 Electr\u00f2nic, s&#8217;informa dels seg\u00fcents aspectes:<br \/>\n\u2013 Responsable del sitie web: MAS DE DOS FAM\u00cdLIES NUMEROSES DE VAL\u00c9NCIA.<br \/>\n\u2013 Direcci\u00f3: GRAN VIA MARQU\u00c9S DEL TURIA, 35 \u2013 PTA. 12 46005 Val\u00e9ncia.<br \/>\n\u2013 Email de contacte: info@masdedos.org<br \/>\n\u2013 NIF\/CIF: G97466379<br \/>\n\u2013 El\/la titular del despaig \u00e9s MIGUEL BOLIVAR TEJEDO<br \/>\nL&#8217;Usuari accepta volunt\u00e0ria i expressament que l&#8217;us del Lloc www.masdedos.or es realisa en tot cas baix la seua \u00fanica i exclusiva responsabilitat.<br \/>\nEn l&#8217;utilisaci\u00f3 del Lloc www.masdedos.org, l&#8217;Usuari es compromet a no portar a terme cap conducta que poguera danyar l&#8217;image, els interessos i els drets del sitie web o de tercers o que poguera danyar-ho, inutilisar-ho o sobrecarregar-ho, o que impedira, de qualsevol forma, la normal utilisaci\u00f3 del mateix.<br \/>\nEls Continguts del Lloc www.masdedos.org s\u00f3n posats a disposici\u00f3 de l&#8217;Usuari per MAS DE DOS FAM\u00cdLIES NUMEROSES DE VAL\u00c9NCIA en informaci\u00f3 procedent tant de fonts pr\u00f2pies com de tercers.<br \/>\nwww.masdedos.org procura que els Continguts siguen de la major calitat possible i estiguen raonablement actualisats, pero MAS DE DOS FAM\u00cdLIES NUMEROSES DE VAL\u00c9NCIA no garantisa l&#8217;utilitat, exactitut, exhaustividad, pertin\u00e8ncia i\/o actualitat dels Continguts.<br \/>\nPer mig d&#8217;estes Condicions Generals no se cedix cap dret de propietat intelectual o industrial sobre el lloc www.masdedos.org ni sobre cap dels seus elements integrants, quedant expressament prohibits a l&#8217;Usuari la reproducci\u00f3, transformaci\u00f3, distribuci\u00f3, comunicaci\u00f3 p\u00fablica, posada a disposici\u00f3, extracci\u00f3, reutilisaci\u00f3, reenv\u00edo o l&#8217;utilisaci\u00f3 de qualsevol naturalea, per qualsevol mig o procediment, de qualsevol d&#8217;ells, llevat en els casos en que estiga llegalment perm\u00e9s o siga autorisat pel titular dels corresponents drets.<br \/>\nEstes Condicions Generals es rigen per la Llei espanyola.<\/p>\n","protected":false},"excerpt":{"rendered":"<p>L&#8217;utilisaci\u00f3 d&#8217;est sitie web aixina com de qualsevol dels seus servicis implica la llectura, comprensi\u00f3 i acceptaci\u00f3 del present av\u00eds llegal per part de l&#8217;usuari. En compliment de lo establit en la Llei 34\/2002, d&#8217;11 de juliol, de Servicis de la Societat de l&#8217;Informaci\u00f3 i&#8230;<\/p>\n","protected":false},"author":1,"featured_media":0,"parent":0,"menu_order":8,"comment_status":"closed","ping_status":"closed","template":"","meta":{"content-type":"","footnotes":""},"yoast_head":"<!-- This site is optimized with the Yoast SEO plugin v23.4 - https:\/\/yoast.com\/wordpress\/plugins\/seo\/ -->\n<title>Av\u00eds Llegal - M\u00c1S DE DOS<\/title>\n<meta name=\"robots\" content=\"index, follow, max-snippet:-1, max-image-preview:large, max-video-preview:-1\" \/>\n<link rel=\"canonical\" href=\"https:\/\/masdedos.org\/val\/avis-llegal\/\" \/>\n<meta property=\"og:locale\" content=\"en_US\" \/>\n<meta property=\"og:type\" content=\"article\" \/>\n<meta property=\"og:title\" content=\"Av\u00eds Llegal - M\u00c1S DE DOS\" \/>\n<meta property=\"og:description\" content=\"L&#8217;utilisaci\u00f3 d&#8217;est sitie web aixina com de qualsevol dels seus servicis implica la llectura, comprensi\u00f3 i acceptaci\u00f3 del present av\u00eds llegal per part de l&#8217;usuari. En compliment de lo establit en la Llei 34\/2002, d&#8217;11 de juliol, de Servicis de la Societat de l&#8217;Informaci\u00f3 i...\" \/>\n<meta property=\"og:url\" content=\"https:\/\/masdedos.org\/val\/avis-llegal\/\" \/>\n<meta property=\"og:site_name\" content=\"M\u00c1S DE DOS\" \/>\n<meta name=\"twitter:card\" content=\"summary_large_image\" \/>\n<meta name=\"twitter:label1\" content=\"Est. reading time\" \/>\n\t<meta name=\"twitter:data1\" content=\"2 minutes\" \/>\n<script type=\"application\/ld+json\" class=\"yoast-schema-graph\">{\"@context\":\"https:\/\/schema.org\",\"@graph\":[{\"@type\":\"WebPage\",\"@id\":\"https:\/\/masdedos.org\/val\/avis-llegal\/\",\"url\":\"https:\/\/masdedos.org\/val\/avis-llegal\/\",\"name\":\"Av\u00eds Llegal - M\u00c1S DE DOS\",\"isPartOf\":{\"@id\":\"https:\/\/masdedos.org\/val\/#website\"},\"datePublished\":\"2020-08-25T09:59:07+00:00\",\"dateModified\":\"2020-08-25T09:59:07+00:00\",\"breadcrumb\":{\"@id\":\"https:\/\/masdedos.org\/val\/avis-llegal\/#breadcrumb\"},\"inLanguage\":\"val\",\"potentialAction\":[{\"@type\":\"ReadAction\",\"target\":[\"https:\/\/masdedos.org\/val\/avis-llegal\/\"]}]},{\"@type\":\"BreadcrumbList\",\"@id\":\"https:\/\/masdedos.org\/val\/avis-llegal\/#breadcrumb\",\"itemListElement\":[{\"@type\":\"ListItem\",\"position\":1,\"name\":\"Portada\",\"item\":\"https:\/\/masdedos.org\/val\/\"},{\"@type\":\"ListItem\",\"position\":2,\"name\":\"Av\u00eds Llegal\"}]},{\"@type\":\"WebSite\",\"@id\":\"https:\/\/masdedos.org\/val\/#website\",\"url\":\"https:\/\/masdedos.org\/val\/\",\"name\":\"M\u00c1S DE DOS\",\"description\":\"Asociaci\u00f3n de Familias Numerosas de Valencia\",\"potentialAction\":[{\"@type\":\"SearchAction\",\"target\":{\"@type\":\"EntryPoint\",\"urlTemplate\":\"https:\/\/masdedos.org\/val\/?s={search_term_string}\"},\"query-input\":{\"@type\":\"PropertyValueSpecification\",\"valueRequired\":true,\"valueName\":\"search_term_string\"}}],\"inLanguage\":\"val\"}]}<\/script>\n<!-- \/ Yoast SEO plugin. -->","yoast_head_json":{"title":"Av\u00eds Llegal - M\u00c1S DE DOS","robots":{"index":"index","follow":"follow","max-snippet":"max-snippet:-1","max-image-preview":"max-image-preview:large","max-video-preview":"max-video-preview:-1"},"canonical":"https:\/\/masdedos.org\/val\/avis-llegal\/","og_locale":"en_US","og_type":"article","og_title":"Av\u00eds Llegal - M\u00c1S DE DOS","og_description":"L&#8217;utilisaci\u00f3 d&#8217;est sitie web aixina com de qualsevol dels seus servicis implica la llectura, comprensi\u00f3 i acceptaci\u00f3 del present av\u00eds llegal per part de l&#8217;usuari. En compliment de lo establit en la Llei 34\/2002, d&#8217;11 de juliol, de Servicis de la Societat de l&#8217;Informaci\u00f3 i...","og_url":"https:\/\/masdedos.org\/val\/avis-llegal\/","og_site_name":"M\u00c1S DE DOS","twitter_card":"summary_large_image","twitter_misc":{"Est. reading time":"2 minutes"},"schema":{"@context":"https:\/\/schema.org","@graph":[{"@type":"WebPage","@id":"https:\/\/masdedos.org\/val\/avis-llegal\/","url":"https:\/\/masdedos.org\/val\/avis-llegal\/","name":"Av\u00eds Llegal - M\u00c1S DE DOS","isPartOf":{"@id":"https:\/\/masdedos.org\/val\/#website"},"datePublished":"2020-08-25T09:59:07+00:00","dateModified":"2020-08-25T09:59:07+00:00","breadcrumb":{"@id":"https:\/\/masdedos.org\/val\/avis-llegal\/#breadcrumb"},"inLanguage":"val","potentialAction":[{"@type":"ReadAction","target":["https:\/\/masdedos.org\/val\/avis-llegal\/"]}]},{"@type":"BreadcrumbList","@id":"https:\/\/masdedos.org\/val\/avis-llegal\/#breadcrumb","itemListElement":[{"@type":"ListItem","position":1,"name":"Portada","item":"https:\/\/masdedos.org\/val\/"},{"@type":"ListItem","position":2,"name":"Av\u00eds Llegal"}]},{"@type":"WebSite","@id":"https:\/\/masdedos.org\/val\/#website","url":"https:\/\/masdedos.org\/val\/","name":"M\u00c1S DE DOS","description":"Asociaci\u00f3n de Familias Numerosas de Valencia","potentialAction":[{"@type":"SearchAction","target":{"@type":"EntryPoint","urlTemplate":"https:\/\/masdedos.org\/val\/?s={search_term_string}"},"query-input":{"@type":"PropertyValueSpecification","valueRequired":true,"valueName":"search_term_string"}}],"inLanguage":"val"}]}},"_links":{"self":[{"href":"https:\/\/masdedos.org\/val\/wp-json\/wp\/v2\/pages\/453893"}],"collection":[{"href":"https:\/\/masdedos.org\/val\/wp-json\/wp\/v2\/pages"}],"about":[{"href":"https:\/\/masdedos.org\/val\/wp-json\/wp\/v2\/types\/page"}],"author":[{"embeddable":true,"href":"https:\/\/masdedos.org\/val\/wp-json\/wp\/v2\/users\/1"}],"replies":[{"embeddable":true,"href":"https:\/\/masdedos.org\/val\/wp-json\/wp\/v2\/comments?post=453893"}],"version-history":[{"count":0,"href":"https:\/\/masdedos.org\/val\/wp-json\/wp\/v2\/pages\/453893\/revisions"}],"wp:attachment":[{"href":"https:\/\/masdedos.org\/val\/wp-json\/wp\/v2\/media?parent=453893"}],"curies":[{"name":"wp","href":"https:\/\/api.w.org\/{rel}","templated":true}]}}