{"id":453360,"date":"2025-01-19T16:45:24","date_gmt":"2025-01-19T16:45:24","guid":{"rendered":"https:\/\/masdedos.org\/informacio-i-assessorament\/"},"modified":"2025-04-21T15:51:42","modified_gmt":"2025-04-21T15:51:42","slug":"informacio-i-assessorament","status":"publish","type":"page","link":"https:\/\/masdedos.org\/val\/informacio-i-assessorament\/","title":{"rendered":"Informaci\u00f3 i assessorament"},"content":{"rendered":"\t\t<div data-elementor-type=\"wp-page\" data-elementor-id=\"453360\" class=\"elementor elementor-453360 elementor-452788\">\n\t\t\t\t\t\t<section class=\"elementor-section elementor-top-section elementor-element elementor-element-74110eb elementor-section-full_width qode_elementor_container_inner elementor-reverse-tablet elementor-reverse-mobile elementor-section-height-default elementor-section-height-default parallax_section_no\" data-id=\"74110eb\" data-element_type=\"section\" data-settings=\"{&quot;background_background&quot;:&quot;classic&quot;}\">\n\t\t\t\t\t\t<div class=\"elementor-container elementor-column-gap-default\">\n\t\t\t\t\t<div class=\"elementor-column elementor-col-50 elementor-top-column elementor-element elementor-element-f642ed5\" data-id=\"f642ed5\" data-element_type=\"column\">\n\t\t\t<div class=\"elementor-widget-wrap elementor-element-populated\">\n\t\t\t\t\t\t<div class=\"elementor-element elementor-element-f09d90e elementor-widget elementor-widget-text-editor\" data-id=\"f09d90e\" data-element_type=\"widget\" data-widget_type=\"text-editor.default\">\n\t\t\t\t<div class=\"elementor-widget-container\">\n\t\t\t<style>\/*! elementor - v3.23.0 - 15-07-2024 *\/\n.elementor-widget-text-editor.elementor-drop-cap-view-stacked .elementor-drop-cap{background-color:#69727d;color:#fff}.elementor-widget-text-editor.elementor-drop-cap-view-framed .elementor-drop-cap{color:#69727d;border:3px solid;background-color:transparent}.elementor-widget-text-editor:not(.elementor-drop-cap-view-default) .elementor-drop-cap{margin-top:8px}.elementor-widget-text-editor:not(.elementor-drop-cap-view-default) .elementor-drop-cap-letter{width:1em;height:1em}.elementor-widget-text-editor .elementor-drop-cap{float:left;text-align:center;line-height:1;font-size:50px}.elementor-widget-text-editor .elementor-drop-cap-letter{display:inline-block}<\/style>\t\t\t\t<h1 style=\"text-align: justify;\">Servici d&#8217;informaci\u00f3 i assessorament<\/h1>\n\t\t\t\t\t\t<\/div>\n\t\t\t\t<\/div>\n\t\t\t\t<div class=\"elementor-element elementor-element-398cb9a elementor-widget elementor-widget-text-editor\" data-id=\"398cb9a\" data-element_type=\"widget\" data-widget_type=\"text-editor.default\">\n\t\t\t\t<div class=\"elementor-widget-container\">\n\t\t\t\t\t\t\t<p style=\"text-align: justify;\">En MAS DE DOS t&#8217;oferim un servici continu d&#8217;informaci\u00f3 i assessorament.<\/p><p>\u00a0<\/p><p style=\"text-align: justify;\">Este servici \u00e9s clau en la nostra associaci\u00f3 perque \u00e9s un instrument molt efectiu per a explicar a cada una de les fam\u00edlies c\u00f3m con\u00e9ixer i participar activament en les diferents q\u00fcestions d&#8217;inter\u00e9s.<\/p><p>\u00a0<\/p><p style=\"text-align: justify;\">A l&#8217;any atenem centenars de consultes a trav\u00e9s de tel\u00e9fon, mail, WhatsApp, rets socials i visites presencials.<\/p><p>\u00a0<\/p><p style=\"text-align: justify;\">Els principals temes de consulta i assessorament estan relacionats en l&#8217;obtenci\u00f3 del t\u00edtul de fam\u00edlia numerosa i en c\u00f3m fer-se soci de la nostra associaci\u00f3.<\/p>\t\t\t\t\t\t<\/div>\n\t\t\t\t<\/div>\n\t\t\t\t\t<\/div>\n\t\t<\/div>\n\t\t\t\t<div class=\"elementor-column elementor-col-50 elementor-top-column elementor-element elementor-element-5f08e1b\" data-id=\"5f08e1b\" data-element_type=\"column\">\n\t\t\t<div class=\"elementor-widget-wrap elementor-element-populated\">\n\t\t\t\t\t\t<div class=\"elementor-element elementor-element-cf91094 elementor-widget elementor-widget-image\" data-id=\"cf91094\" data-element_type=\"widget\" data-widget_type=\"image.default\">\n\t\t\t\t<div class=\"elementor-widget-container\">\n\t\t\t<style>\/*! elementor - v3.23.0 - 15-07-2024 *\/\n.elementor-widget-image{text-align:center}.elementor-widget-image a{display:inline-block}.elementor-widget-image a img[src$=\".svg\"]{width:48px}.elementor-widget-image img{vertical-align:middle;display:inline-block}<\/style>\t\t\t\t\t\t\t\t\t\t<img fetchpriority=\"high\" decoding=\"async\" width=\"500\" height=\"500\" src=\"https:\/\/masdedos.org\/wp-content\/uploads\/2025\/01\/atencion-telefonica-500x500.png\" class=\"attachment-portfolio_masonry_regular size-portfolio_masonry_regular wp-image-452792\" alt=\"\" srcset=\"https:\/\/masdedos.org\/wp-content\/uploads\/2025\/01\/atencion-telefonica-500x500.png 500w, https:\/\/masdedos.org\/wp-content\/uploads\/2025\/01\/atencion-telefonica-150x150.png 150w\" sizes=\"(max-width: 500px) 100vw, 500px\" \/>\t\t\t\t\t\t\t\t\t\t\t\t\t<\/div>\n\t\t\t\t<\/div>\n\t\t\t\t\t<\/div>\n\t\t<\/div>\n\t\t\t\t\t<\/div>\n\t\t<\/section>\n\t\t\t\t<\/div>\n\t\t","protected":false},"excerpt":{"rendered":"<p>Servici d&#8217;informaci\u00f3 i assessorament En MAS DE DOS t&#8217;oferim un servici continu d&#8217;informaci\u00f3 i assessorament. \u00a0 Este servici \u00e9s clau en la nostra associaci\u00f3 perque \u00e9s un instrument molt efectiu per a explicar a cada una de les fam\u00edlies c\u00f3m con\u00e9ixer i participar activament en&#8230;<\/p>\n","protected":false},"author":1,"featured_media":0,"parent":0,"menu_order":0,"comment_status":"closed","ping_status":"closed","template":"full_width.php","meta":{"content-type":"","footnotes":""},"yoast_head":"<!-- This site is optimized with the Yoast SEO plugin v23.4 - https:\/\/yoast.com\/wordpress\/plugins\/seo\/ -->\n<title>Informaci\u00f3 i assessorament - M\u00c1S DE DOS<\/title>\n<meta name=\"robots\" content=\"index, follow, max-snippet:-1, max-image-preview:large, max-video-preview:-1\" \/>\n<link rel=\"canonical\" href=\"https:\/\/masdedos.org\/val\/informacio-i-assessorament\/\" \/>\n<meta property=\"og:locale\" content=\"en_US\" \/>\n<meta property=\"og:type\" content=\"article\" \/>\n<meta property=\"og:title\" content=\"Informaci\u00f3 i assessorament - M\u00c1S DE DOS\" \/>\n<meta property=\"og:description\" content=\"Servici d&#8217;informaci\u00f3 i assessorament En MAS DE DOS t&#8217;oferim un servici continu d&#8217;informaci\u00f3 i assessorament. \u00a0 Este servici \u00e9s clau en la nostra associaci\u00f3 perque \u00e9s un instrument molt efectiu per a explicar a cada una de les fam\u00edlies c\u00f3m con\u00e9ixer i participar activament en...\" \/>\n<meta property=\"og:url\" content=\"https:\/\/masdedos.org\/val\/informacio-i-assessorament\/\" \/>\n<meta property=\"og:site_name\" content=\"M\u00c1S DE DOS\" \/>\n<meta property=\"article:modified_time\" content=\"2025-04-21T15:51:42+00:00\" \/>\n<meta property=\"og:image\" content=\"https:\/\/masdedos.org\/wp-content\/uploads\/2025\/01\/atencion-telefonica-500x500.png\" \/>\n<meta name=\"twitter:card\" content=\"summary_large_image\" \/>\n<meta name=\"twitter:label1\" content=\"Est. reading time\" \/>\n\t<meta name=\"twitter:data1\" content=\"1 minute\" \/>\n<script type=\"application\/ld+json\" class=\"yoast-schema-graph\">{\"@context\":\"https:\/\/schema.org\",\"@graph\":[{\"@type\":\"WebPage\",\"@id\":\"https:\/\/masdedos.org\/val\/informacio-i-assessorament\/\",\"url\":\"https:\/\/masdedos.org\/val\/informacio-i-assessorament\/\",\"name\":\"Informaci\u00f3 i assessorament - M\u00c1S DE DOS\",\"isPartOf\":{\"@id\":\"https:\/\/masdedos.org\/val\/#website\"},\"primaryImageOfPage\":{\"@id\":\"https:\/\/masdedos.org\/val\/informacio-i-assessorament\/#primaryimage\"},\"image\":{\"@id\":\"https:\/\/masdedos.org\/val\/informacio-i-assessorament\/#primaryimage\"},\"thumbnailUrl\":\"https:\/\/masdedos.org\/wp-content\/uploads\/2025\/01\/atencion-telefonica-500x500.png\",\"datePublished\":\"2025-01-19T16:45:24+00:00\",\"dateModified\":\"2025-04-21T15:51:42+00:00\",\"breadcrumb\":{\"@id\":\"https:\/\/masdedos.org\/val\/informacio-i-assessorament\/#breadcrumb\"},\"inLanguage\":\"val\",\"potentialAction\":[{\"@type\":\"ReadAction\",\"target\":[\"https:\/\/masdedos.org\/val\/informacio-i-assessorament\/\"]}]},{\"@type\":\"ImageObject\",\"inLanguage\":\"val\",\"@id\":\"https:\/\/masdedos.org\/val\/informacio-i-assessorament\/#primaryimage\",\"url\":\"https:\/\/masdedos.org\/wp-content\/uploads\/2025\/01\/atencion-telefonica-500x500.png\",\"contentUrl\":\"https:\/\/masdedos.org\/wp-content\/uploads\/2025\/01\/atencion-telefonica-500x500.png\"},{\"@type\":\"BreadcrumbList\",\"@id\":\"https:\/\/masdedos.org\/val\/informacio-i-assessorament\/#breadcrumb\",\"itemListElement\":[{\"@type\":\"ListItem\",\"position\":1,\"name\":\"Portada\",\"item\":\"https:\/\/masdedos.org\/val\/\"},{\"@type\":\"ListItem\",\"position\":2,\"name\":\"Informaci\u00f3 i assessorament\"}]},{\"@type\":\"WebSite\",\"@id\":\"https:\/\/masdedos.org\/val\/#website\",\"url\":\"https:\/\/masdedos.org\/val\/\",\"name\":\"M\u00c1S DE DOS\",\"description\":\"Asociaci\u00f3n de Familias Numerosas de Valencia\",\"potentialAction\":[{\"@type\":\"SearchAction\",\"target\":{\"@type\":\"EntryPoint\",\"urlTemplate\":\"https:\/\/masdedos.org\/val\/?s={search_term_string}\"},\"query-input\":{\"@type\":\"PropertyValueSpecification\",\"valueRequired\":true,\"valueName\":\"search_term_string\"}}],\"inLanguage\":\"val\"}]}<\/script>\n<!-- \/ Yoast SEO plugin. -->","yoast_head_json":{"title":"Informaci\u00f3 i assessorament - M\u00c1S DE DOS","robots":{"index":"index","follow":"follow","max-snippet":"max-snippet:-1","max-image-preview":"max-image-preview:large","max-video-preview":"max-video-preview:-1"},"canonical":"https:\/\/masdedos.org\/val\/informacio-i-assessorament\/","og_locale":"en_US","og_type":"article","og_title":"Informaci\u00f3 i assessorament - M\u00c1S DE DOS","og_description":"Servici d&#8217;informaci\u00f3 i assessorament En MAS DE DOS t&#8217;oferim un servici continu d&#8217;informaci\u00f3 i assessorament. \u00a0 Este servici \u00e9s clau en la nostra associaci\u00f3 perque \u00e9s un instrument molt efectiu per a explicar a cada una de les fam\u00edlies c\u00f3m con\u00e9ixer i participar activament en...","og_url":"https:\/\/masdedos.org\/val\/informacio-i-assessorament\/","og_site_name":"M\u00c1S DE DOS","article_modified_time":"2025-04-21T15:51:42+00:00","og_image":[{"url":"https:\/\/masdedos.org\/wp-content\/uploads\/2025\/01\/atencion-telefonica-500x500.png"}],"twitter_card":"summary_large_image","twitter_misc":{"Est. reading time":"1 minute"},"schema":{"@context":"https:\/\/schema.org","@graph":[{"@type":"WebPage","@id":"https:\/\/masdedos.org\/val\/informacio-i-assessorament\/","url":"https:\/\/masdedos.org\/val\/informacio-i-assessorament\/","name":"Informaci\u00f3 i assessorament - M\u00c1S DE DOS","isPartOf":{"@id":"https:\/\/masdedos.org\/val\/#website"},"primaryImageOfPage":{"@id":"https:\/\/masdedos.org\/val\/informacio-i-assessorament\/#primaryimage"},"image":{"@id":"https:\/\/masdedos.org\/val\/informacio-i-assessorament\/#primaryimage"},"thumbnailUrl":"https:\/\/masdedos.org\/wp-content\/uploads\/2025\/01\/atencion-telefonica-500x500.png","datePublished":"2025-01-19T16:45:24+00:00","dateModified":"2025-04-21T15:51:42+00:00","breadcrumb":{"@id":"https:\/\/masdedos.org\/val\/informacio-i-assessorament\/#breadcrumb"},"inLanguage":"val","potentialAction":[{"@type":"ReadAction","target":["https:\/\/masdedos.org\/val\/informacio-i-assessorament\/"]}]},{"@type":"ImageObject","inLanguage":"val","@id":"https:\/\/masdedos.org\/val\/informacio-i-assessorament\/#primaryimage","url":"https:\/\/masdedos.org\/wp-content\/uploads\/2025\/01\/atencion-telefonica-500x500.png","contentUrl":"https:\/\/masdedos.org\/wp-content\/uploads\/2025\/01\/atencion-telefonica-500x500.png"},{"@type":"BreadcrumbList","@id":"https:\/\/masdedos.org\/val\/informacio-i-assessorament\/#breadcrumb","itemListElement":[{"@type":"ListItem","position":1,"name":"Portada","item":"https:\/\/masdedos.org\/val\/"},{"@type":"ListItem","position":2,"name":"Informaci\u00f3 i assessorament"}]},{"@type":"WebSite","@id":"https:\/\/masdedos.org\/val\/#website","url":"https:\/\/masdedos.org\/val\/","name":"M\u00c1S DE DOS","description":"Asociaci\u00f3n de Familias Numerosas de Valencia","potentialAction":[{"@type":"SearchAction","target":{"@type":"EntryPoint","urlTemplate":"https:\/\/masdedos.org\/val\/?s={search_term_string}"},"query-input":{"@type":"PropertyValueSpecification","valueRequired":true,"valueName":"search_term_string"}}],"inLanguage":"val"}]}},"_links":{"self":[{"href":"https:\/\/masdedos.org\/val\/wp-json\/wp\/v2\/pages\/453360"}],"collection":[{"href":"https:\/\/masdedos.org\/val\/wp-json\/wp\/v2\/pages"}],"about":[{"href":"https:\/\/masdedos.org\/val\/wp-json\/wp\/v2\/types\/page"}],"author":[{"embeddable":true,"href":"https:\/\/masdedos.org\/val\/wp-json\/wp\/v2\/users\/1"}],"replies":[{"embeddable":true,"href":"https:\/\/masdedos.org\/val\/wp-json\/wp\/v2\/comments?post=453360"}],"version-history":[{"count":4,"href":"https:\/\/masdedos.org\/val\/wp-json\/wp\/v2\/pages\/453360\/revisions"}],"predecessor-version":[{"id":453368,"href":"https:\/\/masdedos.org\/val\/wp-json\/wp\/v2\/pages\/453360\/revisions\/453368"}],"wp:attachment":[{"href":"https:\/\/masdedos.org\/val\/wp-json\/wp\/v2\/media?parent=453360"}],"curies":[{"name":"wp","href":"https:\/\/api.w.org\/{rel}","templated":true}]}}