{"id":452613,"date":"2025-01-19T07:52:39","date_gmt":"2025-01-19T07:52:39","guid":{"rendered":"https:\/\/masdedos.org\/?page_id=452613"},"modified":"2026-04-14T05:07:00","modified_gmt":"2026-04-14T05:07:00","slug":"transparencia","status":"publish","type":"page","link":"https:\/\/masdedos.org\/val\/transparencia\/","title":{"rendered":"Transpar\u00e8ncia"},"content":{"rendered":"\t\t<div data-elementor-type=\"wp-page\" data-elementor-id=\"452613\" class=\"elementor elementor-452613 elementor-452612\">\n\t\t\t\t\t\t<section class=\"elementor-section elementor-top-section elementor-element elementor-element-74110eb elementor-section-full_width qode_elementor_container_inner elementor-reverse-tablet elementor-reverse-mobile elementor-section-height-default elementor-section-height-default parallax_section_no\" data-id=\"74110eb\" data-element_type=\"section\" data-settings=\"{&quot;background_background&quot;:&quot;classic&quot;}\">\n\t\t\t\t\t\t<div class=\"elementor-container elementor-column-gap-default\">\n\t\t\t\t\t<div class=\"elementor-column elementor-col-50 elementor-top-column elementor-element elementor-element-f642ed5\" data-id=\"f642ed5\" data-element_type=\"column\">\n\t\t\t<div class=\"elementor-widget-wrap elementor-element-populated\">\n\t\t\t\t\t\t<div class=\"elementor-element elementor-element-b100f45 elementor-widget elementor-widget-text-editor\" data-id=\"b100f45\" data-element_type=\"widget\" data-widget_type=\"text-editor.default\">\n\t\t\t\t<div class=\"elementor-widget-container\">\n\t\t\t<style>\/*! elementor - v3.23.0 - 15-07-2024 *\/\n.elementor-widget-text-editor.elementor-drop-cap-view-stacked .elementor-drop-cap{background-color:#69727d;color:#fff}.elementor-widget-text-editor.elementor-drop-cap-view-framed .elementor-drop-cap{color:#69727d;border:3px solid;background-color:transparent}.elementor-widget-text-editor:not(.elementor-drop-cap-view-default) .elementor-drop-cap{margin-top:8px}.elementor-widget-text-editor:not(.elementor-drop-cap-view-default) .elementor-drop-cap-letter{width:1em;height:1em}.elementor-widget-text-editor .elementor-drop-cap{float:left;text-align:center;line-height:1;font-size:50px}.elementor-widget-text-editor .elementor-drop-cap-letter{display:inline-block}<\/style>\t\t\t\t<h1>Som Transparents<\/h1>\n\t\t\t\t\t\t<\/div>\n\t\t\t\t<\/div>\n\t\t\t\t<div class=\"elementor-element elementor-element-ed42c28 elementor-widget-divider--view-line elementor-widget elementor-widget-divider\" data-id=\"ed42c28\" data-element_type=\"widget\" data-widget_type=\"divider.default\">\n\t\t\t\t<div class=\"elementor-widget-container\">\n\t\t\t<style>\/*! elementor - v3.23.0 - 15-07-2024 *\/\n.elementor-widget-divider{--divider-border-style:none;--divider-border-width:1px;--divider-color:#0c0d0e;--divider-icon-size:20px;--divider-element-spacing:10px;--divider-pattern-height:24px;--divider-pattern-size:20px;--divider-pattern-url:none;--divider-pattern-repeat:repeat-x}.elementor-widget-divider .elementor-divider{display:flex}.elementor-widget-divider .elementor-divider__text{font-size:15px;line-height:1;max-width:95%}.elementor-widget-divider .elementor-divider__element{margin:0 var(--divider-element-spacing);flex-shrink:0}.elementor-widget-divider .elementor-icon{font-size:var(--divider-icon-size)}.elementor-widget-divider .elementor-divider-separator{display:flex;margin:0;direction:ltr}.elementor-widget-divider--view-line_icon .elementor-divider-separator,.elementor-widget-divider--view-line_text .elementor-divider-separator{align-items:center}.elementor-widget-divider--view-line_icon .elementor-divider-separator:after,.elementor-widget-divider--view-line_icon .elementor-divider-separator:before,.elementor-widget-divider--view-line_text .elementor-divider-separator:after,.elementor-widget-divider--view-line_text .elementor-divider-separator:before{display:block;content:\"\";border-block-end:0;flex-grow:1;border-block-start:var(--divider-border-width) var(--divider-border-style) var(--divider-color)}.elementor-widget-divider--element-align-left .elementor-divider .elementor-divider-separator>.elementor-divider__svg:first-of-type{flex-grow:0;flex-shrink:100}.elementor-widget-divider--element-align-left .elementor-divider-separator:before{content:none}.elementor-widget-divider--element-align-left .elementor-divider__element{margin-left:0}.elementor-widget-divider--element-align-right .elementor-divider .elementor-divider-separator>.elementor-divider__svg:last-of-type{flex-grow:0;flex-shrink:100}.elementor-widget-divider--element-align-right .elementor-divider-separator:after{content:none}.elementor-widget-divider--element-align-right .elementor-divider__element{margin-right:0}.elementor-widget-divider--element-align-start .elementor-divider .elementor-divider-separator>.elementor-divider__svg:first-of-type{flex-grow:0;flex-shrink:100}.elementor-widget-divider--element-align-start .elementor-divider-separator:before{content:none}.elementor-widget-divider--element-align-start .elementor-divider__element{margin-inline-start:0}.elementor-widget-divider--element-align-end .elementor-divider .elementor-divider-separator>.elementor-divider__svg:last-of-type{flex-grow:0;flex-shrink:100}.elementor-widget-divider--element-align-end .elementor-divider-separator:after{content:none}.elementor-widget-divider--element-align-end .elementor-divider__element{margin-inline-end:0}.elementor-widget-divider:not(.elementor-widget-divider--view-line_text):not(.elementor-widget-divider--view-line_icon) .elementor-divider-separator{border-block-start:var(--divider-border-width) var(--divider-border-style) var(--divider-color)}.elementor-widget-divider--separator-type-pattern{--divider-border-style:none}.elementor-widget-divider--separator-type-pattern.elementor-widget-divider--view-line .elementor-divider-separator,.elementor-widget-divider--separator-type-pattern:not(.elementor-widget-divider--view-line) .elementor-divider-separator:after,.elementor-widget-divider--separator-type-pattern:not(.elementor-widget-divider--view-line) .elementor-divider-separator:before,.elementor-widget-divider--separator-type-pattern:not([class*=elementor-widget-divider--view]) .elementor-divider-separator{width:100%;min-height:var(--divider-pattern-height);-webkit-mask-size:var(--divider-pattern-size) 100%;mask-size:var(--divider-pattern-size) 100%;-webkit-mask-repeat:var(--divider-pattern-repeat);mask-repeat:var(--divider-pattern-repeat);background-color:var(--divider-color);-webkit-mask-image:var(--divider-pattern-url);mask-image:var(--divider-pattern-url)}.elementor-widget-divider--no-spacing{--divider-pattern-size:auto}.elementor-widget-divider--bg-round{--divider-pattern-repeat:round}.rtl .elementor-widget-divider .elementor-divider__text{direction:rtl}.e-con-inner>.elementor-widget-divider,.e-con>.elementor-widget-divider{width:var(--container-widget-width,100%);--flex-grow:var(--container-widget-flex-grow)}<\/style>\t\t<div class=\"elementor-divider\">\n\t\t\t<span class=\"elementor-divider-separator\">\n\t\t\t\t\t\t<\/span>\n\t\t<\/div>\n\t\t\t\t<\/div>\n\t\t\t\t<\/div>\n\t\t\t\t<div class=\"elementor-element elementor-element-f09d90e elementor-widget elementor-widget-text-editor\" data-id=\"f09d90e\" data-element_type=\"widget\" data-widget_type=\"text-editor.default\">\n\t\t\t\t<div class=\"elementor-widget-container\">\n\t\t\t\t\t\t\t<p>L&#8217;Associaci\u00f3 MAS DE DOS-FAM\u00cdLIES NUMEROSES DE VAL\u00c9NCIA, en domicili en Gran Via Marqu\u00e9s del Turia 35 pta 12, de la ciutat de Val\u00e9ncia i CIF G97466379 es troba registrada en el registre d&#8217;associacions de la Comunitat Valenciana en el n\u00famero: CV-01-038087-V i registrada com a entitat de voluntariat CV-04-059555-V.<\/p>\n<p>El registre de titulars d&#8217;acci\u00f3 social i de registre i autorisaci\u00f3 de funcionament dels servicis socials i centres d&#8217;acci\u00f3 social en la Comunitat Valenciana tenim atribu\u00eft el n\u00famero 3224.<\/p>\n<p>Els Estatuts de l&#8217;associaci\u00f3 MAS DE DOS varen ser aprovats per tots els assistents a l&#8217;acte fundacional de l&#8217;associaci\u00f3 el 17 de maig de 2004, i per la Generalitat Valenciana el 18 d&#8217;abril de 2005. En 2007 l&#8217;Assamblea General Extraordin\u00e0ria va votar per unanimitat a favor de modificar dos art\u00edculs, i la Generalitat Valenciana va aprovar la nova redacci\u00f3 dels Estatuts de l&#8217;associaci\u00f3 MAS DE DOS el 20 d&#8217;agost de 2007.<br \/>\nEn el seu encabotament per ser una associaci\u00f3 propenca i transparent, MAS DE DOS celebra peri\u00f2dicament, en compliment de lo senyalat en els seus estatuts, la seua Assamblea General Ordin\u00e0ria i Extraordin\u00e0ria quan cal. En esta Assamblea es presenta -i se somet a votaci\u00f3 la seua aprovaci\u00f3 o rebuig- la gesti\u00f3 econ\u00f2mica i tancament de contes de l&#8217;eixercici anterior, el presupost del seg\u00fcent eixercici, la mem\u00f2ria d&#8217;activitats realisades i les previstes per als seg\u00fcents dotze mesos, les gestions i acorts institucionals alcan\u00e7ats, i la marcha del pla estrat\u00e8gic en vigor.<\/p>\n\t\t\t\t\t\t<\/div>\n\t\t\t\t<\/div>\n\t\t\t\t\t<\/div>\n\t\t<\/div>\n\t\t\t\t<div class=\"elementor-column elementor-col-50 elementor-top-column elementor-element elementor-element-5f08e1b\" data-id=\"5f08e1b\" data-element_type=\"column\">\n\t\t\t<div class=\"elementor-widget-wrap elementor-element-populated\">\n\t\t\t\t\t\t<div class=\"elementor-element elementor-element-cf91094 elementor-widget elementor-widget-image\" data-id=\"cf91094\" data-element_type=\"widget\" data-widget_type=\"image.default\">\n\t\t\t\t<div class=\"elementor-widget-container\">\n\t\t\t<style>\/*! elementor - v3.23.0 - 15-07-2024 *\/\n.elementor-widget-image{text-align:center}.elementor-widget-image a{display:inline-block}.elementor-widget-image a img[src$=\".svg\"]{width:48px}.elementor-widget-image img{vertical-align:middle;display:inline-block}<\/style>\t\t\t\t\t\t\t\t\t\t<img fetchpriority=\"high\" decoding=\"async\" width=\"271\" height=\"253\" src=\"https:\/\/masdedos.org\/wp-content\/uploads\/2025\/01\/mas-de-dos-logo.avif\" class=\"attachment-full size-full wp-image-2479\" alt=\"\" \/>\t\t\t\t\t\t\t\t\t\t\t\t\t<\/div>\n\t\t\t\t<\/div>\n\t\t\t\t<div class=\"elementor-element elementor-element-55c737a elementor-widget elementor-widget-bridge_button\" data-id=\"55c737a\" data-element_type=\"widget\" data-widget_type=\"bridge_button.default\">\n\t\t\t\t<div class=\"elementor-widget-container\">\n\t\t\t<a  itemprop=\"url\" href=\"https:\/\/masdedos.org\/wp-content\/uploads\/2026\/02\/Memoria-Anual-2025.-_compressed.pdf\" target=\"_blank\"  class=\"qbutton  large left default\" style=\"text-transform: capitalize; font-size: 17px; letter-spacing: 0px; \">MEM\u00d2RIA D'ACTIVITATS  2025<i class=\"qode_icon_font_awesome fa fa-arrow-right qode_button_icon_element\" style=\"\" ><\/i><\/a>\t\t<\/div>\n\t\t\t\t<\/div>\n\t\t\t\t<div class=\"elementor-element elementor-element-213da31 elementor-widget elementor-widget-bridge_button\" data-id=\"213da31\" data-element_type=\"widget\" data-widget_type=\"bridge_button.default\">\n\t\t\t\t<div class=\"elementor-widget-container\">\n\t\t\t<a  itemprop=\"url\" href=\"https:\/\/masdedos.org\/wp-content\/uploads\/2025\/04\/Memoria-Mas-de-Dos-2024.pdf\" target=\"_blank\"  class=\"qbutton  large left default\" style=\"text-transform: capitalize; font-size: 17px; letter-spacing: 0px; \">MEM\u00d2RIA D'ACTIVITATS  2024<i class=\"qode_icon_font_awesome fa fa-arrow-right qode_button_icon_element\" style=\"\" ><\/i><\/a>\t\t<\/div>\n\t\t\t\t<\/div>\n\t\t\t\t<div class=\"elementor-element elementor-element-719a141 elementor-widget elementor-widget-bridge_button\" data-id=\"719a141\" data-element_type=\"widget\" data-widget_type=\"bridge_button.default\">\n\t\t\t\t<div class=\"elementor-widget-container\">\n\t\t\t<a  itemprop=\"url\" href=\"https:\/\/masdedos.org\/wp-content\/uploads\/2025\/03\/MEMORIA-MASDEDOS-2023_compressed.pdf\" target=\"_blank\"  class=\"qbutton  large left default\" style=\"text-transform: capitalize; font-size: 17px; letter-spacing: 0px; \">MEM\u00d2RIA D'ACTIVITATS 2023<i class=\"qode_icon_font_awesome fa fa-arrow-right qode_button_icon_element\" style=\"\" ><\/i><\/a>\t\t<\/div>\n\t\t\t\t<\/div>\n\t\t\t\t<div class=\"elementor-element elementor-element-f89c6c3 elementor-widget elementor-widget-bridge_button\" data-id=\"f89c6c3\" data-element_type=\"widget\" data-widget_type=\"bridge_button.default\">\n\t\t\t\t<div class=\"elementor-widget-container\">\n\t\t\t<a  itemprop=\"url\" href=\"https:\/\/masdedos.org\/wp-content\/uploads\/2025\/03\/MEMORIA-2022_compressed-1.pdf\" target=\"_blank\"  class=\"qbutton  large left default\" style=\"text-transform: capitalize; font-size: 17px; letter-spacing: 0px; \">MEM\u00d2RIA D'ACTIVITATS 2022<i class=\"qode_icon_font_awesome fa fa-arrow-right qode_button_icon_element\" style=\"\" ><\/i><\/a>\t\t<\/div>\n\t\t\t\t<\/div>\n\t\t\t\t<div class=\"elementor-element elementor-element-1875834 elementor-widget elementor-widget-bridge_button\" data-id=\"1875834\" data-element_type=\"widget\" data-widget_type=\"bridge_button.default\">\n\t\t\t\t<div class=\"elementor-widget-container\">\n\t\t\t<a  itemprop=\"url\" href=\"https:\/\/masdedos.org\/wp-content\/uploads\/2025\/03\/MEMORIA-2021_compressed.pdf\" target=\"_blank\"  class=\"qbutton  large left default\" style=\"text-transform: capitalize; font-size: 17px; letter-spacing: 0px; \">MEM\u00d2RIA D'ACTIVITATS 2021<i class=\"qode_icon_font_awesome fa fa-arrow-right qode_button_icon_element\" style=\"\" ><\/i><\/a>\t\t<\/div>\n\t\t\t\t<\/div>\n\t\t\t\t\t<\/div>\n\t\t<\/div>\n\t\t\t\t\t<\/div>\n\t\t<\/section>\n\t\t\t\t<section class=\"elementor-section elementor-top-section elementor-element elementor-element-494e8a1d elementor-section-full_width elementor-section-height-default elementor-section-height-default parallax_section_no qode_elementor_container_no\" data-id=\"494e8a1d\" data-element_type=\"section\" data-settings=\"{&quot;background_background&quot;:&quot;classic&quot;}\">\n\t\t\t\t\t\t<div class=\"elementor-container elementor-column-gap-default\">\n\t\t\t\t\t<div class=\"elementor-column elementor-col-100 elementor-top-column elementor-element elementor-element-23ab9524\" data-id=\"23ab9524\" data-element_type=\"column\">\n\t\t\t<div class=\"elementor-widget-wrap elementor-element-populated\">\n\t\t\t\t\t\t<div class=\"elementor-element elementor-element-7356847e elementor-widget elementor-widget-text-editor\" data-id=\"7356847e\" data-element_type=\"widget\" data-widget_type=\"text-editor.default\">\n\t\t\t\t<div class=\"elementor-widget-container\">\n\t\t\t\t\t\t\t<h1>Colaboren en MAS DE DOS<\/h1>\t\t\t\t\t\t<\/div>\n\t\t\t\t<\/div>\n\t\t\t\t<div class=\"elementor-element elementor-element-669aec39 elementor-widget-divider--view-line elementor-widget elementor-widget-divider\" data-id=\"669aec39\" data-element_type=\"widget\" data-widget_type=\"divider.default\">\n\t\t\t\t<div class=\"elementor-widget-container\">\n\t\t\t\t\t<div class=\"elementor-divider\">\n\t\t\t<span class=\"elementor-divider-separator\">\n\t\t\t\t\t\t<\/span>\n\t\t<\/div>\n\t\t\t\t<\/div>\n\t\t\t\t<\/div>\n\t\t\t\t<section class=\"elementor-section elementor-inner-section elementor-element elementor-element-5d0a46a1 qode_elementor_container_inner elementor-section-full_width elementor-section-height-default elementor-section-height-default parallax_section_no\" data-id=\"5d0a46a1\" data-element_type=\"section\">\n\t\t\t\t\t\t<div class=\"elementor-container elementor-column-gap-default\">\n\t\t\t\t\t<div class=\"elementor-column elementor-col-100 elementor-inner-column elementor-element elementor-element-3197fcdb\" data-id=\"3197fcdb\" data-element_type=\"column\">\n\t\t\t<div class=\"elementor-widget-wrap elementor-element-populated\">\n\t\t\t\t\t\t<div class=\"elementor-element elementor-element-2c8cdb73 elementor-widget elementor-widget-bridge_clients\" data-id=\"2c8cdb73\" data-element_type=\"widget\" data-widget_type=\"bridge_clients.default\">\n\t\t\t\t<div class=\"elementor-widget-container\">\n\t\t\t\n        <div class=\"qode_clients clearfix three_columns default qode_clients_separators_disabled\">\n\n            <div class=\"qode_client_holder\"><div class=\"qode_client_holder_inner\"><div class=\"qode_client_image_holder\"><a itemprop=\"url\" href=\"#\" target=\"_self\"><img decoding=\"async\" itemprop=\"image\" class=\"qode_client_main_image\" src=\"https:\/\/masdedos.org\/wp-content\/uploads\/2026\/04\/descarga-3-1.png\" alt=\"\" \/><img decoding=\"async\" itemprop=\"image\" class=\"qode_client_hover_image\" src=\"https:\/\/masdedos.org\/wp-content\/uploads\/2026\/04\/descarga-3-1.png\" alt=\"\" \/><\/a><\/div><div class=\"qode_client_image_hover\"><\/div><\/div><\/div><div class=\"qode_client_holder\"><div class=\"qode_client_holder_inner\"><div class=\"qode_client_image_holder\"><a itemprop=\"url\" href=\"#\" target=\"_self\"><img decoding=\"async\" itemprop=\"image\" class=\"qode_client_main_image\" src=\"https:\/\/masdedos.org\/wp-content\/uploads\/2024\/07\/ayuntamiento-valencia.png\" alt=\"\" \/><img decoding=\"async\" itemprop=\"image\" class=\"qode_client_hover_image\" src=\"https:\/\/masdedos.org\/wp-content\/uploads\/2024\/07\/ayuntamiento-valencia.png\" alt=\"\" \/><\/a><\/div><div class=\"qode_client_image_hover\"><\/div><\/div><\/div><div class=\"qode_client_holder\"><div class=\"qode_client_holder_inner\"><div class=\"qode_client_image_holder\"><a itemprop=\"url\" href=\"#\" target=\"_self\"><img decoding=\"async\" itemprop=\"image\" class=\"qode_client_main_image\" src=\"https:\/\/masdedos.org\/wp-content\/uploads\/2025\/05\/logo-masdedos2.png\" alt=\"\" \/><img decoding=\"async\" itemprop=\"image\" class=\"qode_client_hover_image\" src=\"https:\/\/masdedos.org\/wp-content\/uploads\/2025\/05\/logo-masdedos2.png\" alt=\"\" \/><\/a><\/div><div class=\"qode_client_image_hover\"><\/div><\/div><\/div>\n        <\/div>\n\n        \t\t<\/div>\n\t\t\t\t<\/div>\n\t\t\t\t\t<\/div>\n\t\t<\/div>\n\t\t\t\t\t<\/div>\n\t\t<\/section>\n\t\t\t\t\t<\/div>\n\t\t<\/div>\n\t\t\t\t\t<\/div>\n\t\t<\/section>\n\t\t\t\t<\/div>\n\t\t","protected":false},"excerpt":{"rendered":"<p>Som Transparents L&#8217;Associaci\u00f3 MAS DE DOS-FAM\u00cdLIES NUMEROSES DE VAL\u00c9NCIA, en domicili en Gran Via Marqu\u00e9s del Turia 35 pta 12, de la ciutat de Val\u00e9ncia i CIF G97466379 es troba registrada en el registre d&#8217;associacions de la Comunitat Valenciana en el n\u00famero: CV-01-038087-V i registrada&#8230;<\/p>\n","protected":false},"author":1,"featured_media":0,"parent":0,"menu_order":0,"comment_status":"closed","ping_status":"closed","template":"full_width.php","meta":{"content-type":"","footnotes":""},"yoast_head":"<!-- This site is optimized with the Yoast SEO plugin v23.4 - https:\/\/yoast.com\/wordpress\/plugins\/seo\/ -->\n<title>Transpar\u00e8ncia - M\u00c1S DE DOS<\/title>\n<meta name=\"robots\" content=\"index, follow, max-snippet:-1, max-image-preview:large, max-video-preview:-1\" \/>\n<link rel=\"canonical\" href=\"https:\/\/masdedos.org\/val\/transparencia\/\" \/>\n<meta property=\"og:locale\" content=\"en_US\" \/>\n<meta property=\"og:type\" content=\"article\" \/>\n<meta property=\"og:title\" content=\"Transpar\u00e8ncia - M\u00c1S DE DOS\" \/>\n<meta property=\"og:description\" content=\"Som Transparents L&#8217;Associaci\u00f3 MAS DE DOS-FAM\u00cdLIES NUMEROSES DE VAL\u00c9NCIA, en domicili en Gran Via Marqu\u00e9s del Turia 35 pta 12, de la ciutat de Val\u00e9ncia i CIF G97466379 es troba registrada en el registre d&#8217;associacions de la Comunitat Valenciana en el n\u00famero: CV-01-038087-V i registrada...\" \/>\n<meta property=\"og:url\" content=\"https:\/\/masdedos.org\/val\/transparencia\/\" \/>\n<meta property=\"og:site_name\" content=\"M\u00c1S DE DOS\" \/>\n<meta property=\"article:modified_time\" content=\"2026-04-14T05:07:00+00:00\" \/>\n<meta property=\"og:image\" content=\"https:\/\/masdedos.org\/wp-content\/uploads\/2025\/01\/mas-de-dos-logo.avif\" \/>\n<meta name=\"twitter:card\" content=\"summary_large_image\" \/>\n<meta name=\"twitter:label1\" content=\"Est. reading time\" \/>\n\t<meta name=\"twitter:data1\" content=\"3 minutes\" \/>\n<script type=\"application\/ld+json\" class=\"yoast-schema-graph\">{\"@context\":\"https:\/\/schema.org\",\"@graph\":[{\"@type\":\"WebPage\",\"@id\":\"https:\/\/masdedos.org\/val\/transparencia\/\",\"url\":\"https:\/\/masdedos.org\/val\/transparencia\/\",\"name\":\"Transpar\u00e8ncia - M\u00c1S DE DOS\",\"isPartOf\":{\"@id\":\"https:\/\/masdedos.org\/val\/#website\"},\"primaryImageOfPage\":{\"@id\":\"https:\/\/masdedos.org\/val\/transparencia\/#primaryimage\"},\"image\":{\"@id\":\"https:\/\/masdedos.org\/val\/transparencia\/#primaryimage\"},\"thumbnailUrl\":\"https:\/\/masdedos.org\/wp-content\/uploads\/2025\/01\/mas-de-dos-logo.avif\",\"datePublished\":\"2025-01-19T07:52:39+00:00\",\"dateModified\":\"2026-04-14T05:07:00+00:00\",\"breadcrumb\":{\"@id\":\"https:\/\/masdedos.org\/val\/transparencia\/#breadcrumb\"},\"inLanguage\":\"val\",\"potentialAction\":[{\"@type\":\"ReadAction\",\"target\":[\"https:\/\/masdedos.org\/val\/transparencia\/\"]}]},{\"@type\":\"ImageObject\",\"inLanguage\":\"val\",\"@id\":\"https:\/\/masdedos.org\/val\/transparencia\/#primaryimage\",\"url\":\"https:\/\/masdedos.org\/wp-content\/uploads\/2025\/01\/mas-de-dos-logo.avif\",\"contentUrl\":\"https:\/\/masdedos.org\/wp-content\/uploads\/2025\/01\/mas-de-dos-logo.avif\"},{\"@type\":\"BreadcrumbList\",\"@id\":\"https:\/\/masdedos.org\/val\/transparencia\/#breadcrumb\",\"itemListElement\":[{\"@type\":\"ListItem\",\"position\":1,\"name\":\"Portada\",\"item\":\"https:\/\/masdedos.org\/val\/\"},{\"@type\":\"ListItem\",\"position\":2,\"name\":\"Transpar\u00e8ncia\"}]},{\"@type\":\"WebSite\",\"@id\":\"https:\/\/masdedos.org\/val\/#website\",\"url\":\"https:\/\/masdedos.org\/val\/\",\"name\":\"M\u00c1S DE DOS\",\"description\":\"Asociaci\u00f3n de Familias Numerosas de Valencia\",\"potentialAction\":[{\"@type\":\"SearchAction\",\"target\":{\"@type\":\"EntryPoint\",\"urlTemplate\":\"https:\/\/masdedos.org\/val\/?s={search_term_string}\"},\"query-input\":{\"@type\":\"PropertyValueSpecification\",\"valueRequired\":true,\"valueName\":\"search_term_string\"}}],\"inLanguage\":\"val\"}]}<\/script>\n<!-- \/ Yoast SEO plugin. -->","yoast_head_json":{"title":"Transpar\u00e8ncia - M\u00c1S DE DOS","robots":{"index":"index","follow":"follow","max-snippet":"max-snippet:-1","max-image-preview":"max-image-preview:large","max-video-preview":"max-video-preview:-1"},"canonical":"https:\/\/masdedos.org\/val\/transparencia\/","og_locale":"en_US","og_type":"article","og_title":"Transpar\u00e8ncia - M\u00c1S DE DOS","og_description":"Som Transparents L&#8217;Associaci\u00f3 MAS DE DOS-FAM\u00cdLIES NUMEROSES DE VAL\u00c9NCIA, en domicili en Gran Via Marqu\u00e9s del Turia 35 pta 12, de la ciutat de Val\u00e9ncia i CIF G97466379 es troba registrada en el registre d&#8217;associacions de la Comunitat Valenciana en el n\u00famero: CV-01-038087-V i registrada...","og_url":"https:\/\/masdedos.org\/val\/transparencia\/","og_site_name":"M\u00c1S DE DOS","article_modified_time":"2026-04-14T05:07:00+00:00","og_image":[{"url":"https:\/\/masdedos.org\/wp-content\/uploads\/2025\/01\/mas-de-dos-logo.avif"}],"twitter_card":"summary_large_image","twitter_misc":{"Est. reading time":"3 minutes"},"schema":{"@context":"https:\/\/schema.org","@graph":[{"@type":"WebPage","@id":"https:\/\/masdedos.org\/val\/transparencia\/","url":"https:\/\/masdedos.org\/val\/transparencia\/","name":"Transpar\u00e8ncia - M\u00c1S DE DOS","isPartOf":{"@id":"https:\/\/masdedos.org\/val\/#website"},"primaryImageOfPage":{"@id":"https:\/\/masdedos.org\/val\/transparencia\/#primaryimage"},"image":{"@id":"https:\/\/masdedos.org\/val\/transparencia\/#primaryimage"},"thumbnailUrl":"https:\/\/masdedos.org\/wp-content\/uploads\/2025\/01\/mas-de-dos-logo.avif","datePublished":"2025-01-19T07:52:39+00:00","dateModified":"2026-04-14T05:07:00+00:00","breadcrumb":{"@id":"https:\/\/masdedos.org\/val\/transparencia\/#breadcrumb"},"inLanguage":"val","potentialAction":[{"@type":"ReadAction","target":["https:\/\/masdedos.org\/val\/transparencia\/"]}]},{"@type":"ImageObject","inLanguage":"val","@id":"https:\/\/masdedos.org\/val\/transparencia\/#primaryimage","url":"https:\/\/masdedos.org\/wp-content\/uploads\/2025\/01\/mas-de-dos-logo.avif","contentUrl":"https:\/\/masdedos.org\/wp-content\/uploads\/2025\/01\/mas-de-dos-logo.avif"},{"@type":"BreadcrumbList","@id":"https:\/\/masdedos.org\/val\/transparencia\/#breadcrumb","itemListElement":[{"@type":"ListItem","position":1,"name":"Portada","item":"https:\/\/masdedos.org\/val\/"},{"@type":"ListItem","position":2,"name":"Transpar\u00e8ncia"}]},{"@type":"WebSite","@id":"https:\/\/masdedos.org\/val\/#website","url":"https:\/\/masdedos.org\/val\/","name":"M\u00c1S DE DOS","description":"Asociaci\u00f3n de Familias Numerosas de Valencia","potentialAction":[{"@type":"SearchAction","target":{"@type":"EntryPoint","urlTemplate":"https:\/\/masdedos.org\/val\/?s={search_term_string}"},"query-input":{"@type":"PropertyValueSpecification","valueRequired":true,"valueName":"search_term_string"}}],"inLanguage":"val"}]}},"_links":{"self":[{"href":"https:\/\/masdedos.org\/val\/wp-json\/wp\/v2\/pages\/452613"}],"collection":[{"href":"https:\/\/masdedos.org\/val\/wp-json\/wp\/v2\/pages"}],"about":[{"href":"https:\/\/masdedos.org\/val\/wp-json\/wp\/v2\/types\/page"}],"author":[{"embeddable":true,"href":"https:\/\/masdedos.org\/val\/wp-json\/wp\/v2\/users\/1"}],"replies":[{"embeddable":true,"href":"https:\/\/masdedos.org\/val\/wp-json\/wp\/v2\/comments?post=452613"}],"version-history":[{"count":16,"href":"https:\/\/masdedos.org\/val\/wp-json\/wp\/v2\/pages\/452613\/revisions"}],"predecessor-version":[{"id":455323,"href":"https:\/\/masdedos.org\/val\/wp-json\/wp\/v2\/pages\/452613\/revisions\/455323"}],"wp:attachment":[{"href":"https:\/\/masdedos.org\/val\/wp-json\/wp\/v2\/media?parent=452613"}],"curies":[{"name":"wp","href":"https:\/\/api.w.org\/{rel}","templated":true}]}}