{"id":2325,"date":"2024-09-03T12:01:56","date_gmt":"2024-09-03T12:01:56","guid":{"rendered":"https:\/\/masdedos.org\/sobre-famocova\/"},"modified":"2025-04-21T15:10:25","modified_gmt":"2025-04-21T15:10:25","slug":"sobre-masdedos","status":"publish","type":"page","link":"https:\/\/masdedos.org\/val\/sobre-masdedos\/","title":{"rendered":"Sobre MAS DE DOS"},"content":{"rendered":"\t\t<div data-elementor-type=\"wp-page\" data-elementor-id=\"2325\" class=\"elementor elementor-2325 elementor-2051\">\n\t\t\t\t\t\t<section class=\"elementor-section elementor-top-section elementor-element elementor-element-74110eb elementor-section-full_width qode_elementor_container_inner elementor-reverse-tablet elementor-reverse-mobile elementor-section-height-default elementor-section-height-default parallax_section_no\" data-id=\"74110eb\" data-element_type=\"section\" data-settings=\"{&quot;background_background&quot;:&quot;classic&quot;}\">\n\t\t\t\t\t\t<div class=\"elementor-container elementor-column-gap-default\">\n\t\t\t\t\t<div class=\"elementor-column elementor-col-50 elementor-top-column elementor-element elementor-element-f642ed5\" data-id=\"f642ed5\" data-element_type=\"column\">\n\t\t\t<div class=\"elementor-widget-wrap elementor-element-populated\">\n\t\t\t\t\t\t<div class=\"elementor-element elementor-element-b100f45 elementor-widget elementor-widget-text-editor\" data-id=\"b100f45\" data-element_type=\"widget\" data-widget_type=\"text-editor.default\">\n\t\t\t\t<div class=\"elementor-widget-container\">\n\t\t\t<style>\/*! elementor - v3.23.0 - 15-07-2024 *\/\n.elementor-widget-text-editor.elementor-drop-cap-view-stacked .elementor-drop-cap{background-color:#69727d;color:#fff}.elementor-widget-text-editor.elementor-drop-cap-view-framed .elementor-drop-cap{color:#69727d;border:3px solid;background-color:transparent}.elementor-widget-text-editor:not(.elementor-drop-cap-view-default) .elementor-drop-cap{margin-top:8px}.elementor-widget-text-editor:not(.elementor-drop-cap-view-default) .elementor-drop-cap-letter{width:1em;height:1em}.elementor-widget-text-editor .elementor-drop-cap{float:left;text-align:center;line-height:1;font-size:50px}.elementor-widget-text-editor .elementor-drop-cap-letter{display:inline-block}<\/style>\t\t\t\t<h1>MAS DE DOS Fam\u00edlies Numeroses de Val\u00e9ncia<\/h1>\n\t\t\t\t\t\t<\/div>\n\t\t\t\t<\/div>\n\t\t\t\t<div class=\"elementor-element elementor-element-ed42c28 elementor-widget-divider--view-line elementor-widget elementor-widget-divider\" data-id=\"ed42c28\" data-element_type=\"widget\" data-widget_type=\"divider.default\">\n\t\t\t\t<div class=\"elementor-widget-container\">\n\t\t\t<style>\/*! elementor - v3.23.0 - 15-07-2024 *\/\n.elementor-widget-divider{--divider-border-style:none;--divider-border-width:1px;--divider-color:#0c0d0e;--divider-icon-size:20px;--divider-element-spacing:10px;--divider-pattern-height:24px;--divider-pattern-size:20px;--divider-pattern-url:none;--divider-pattern-repeat:repeat-x}.elementor-widget-divider .elementor-divider{display:flex}.elementor-widget-divider .elementor-divider__text{font-size:15px;line-height:1;max-width:95%}.elementor-widget-divider .elementor-divider__element{margin:0 var(--divider-element-spacing);flex-shrink:0}.elementor-widget-divider .elementor-icon{font-size:var(--divider-icon-size)}.elementor-widget-divider .elementor-divider-separator{display:flex;margin:0;direction:ltr}.elementor-widget-divider--view-line_icon .elementor-divider-separator,.elementor-widget-divider--view-line_text .elementor-divider-separator{align-items:center}.elementor-widget-divider--view-line_icon .elementor-divider-separator:after,.elementor-widget-divider--view-line_icon .elementor-divider-separator:before,.elementor-widget-divider--view-line_text .elementor-divider-separator:after,.elementor-widget-divider--view-line_text .elementor-divider-separator:before{display:block;content:\"\";border-block-end:0;flex-grow:1;border-block-start:var(--divider-border-width) var(--divider-border-style) var(--divider-color)}.elementor-widget-divider--element-align-left .elementor-divider .elementor-divider-separator>.elementor-divider__svg:first-of-type{flex-grow:0;flex-shrink:100}.elementor-widget-divider--element-align-left .elementor-divider-separator:before{content:none}.elementor-widget-divider--element-align-left .elementor-divider__element{margin-left:0}.elementor-widget-divider--element-align-right .elementor-divider .elementor-divider-separator>.elementor-divider__svg:last-of-type{flex-grow:0;flex-shrink:100}.elementor-widget-divider--element-align-right .elementor-divider-separator:after{content:none}.elementor-widget-divider--element-align-right .elementor-divider__element{margin-right:0}.elementor-widget-divider--element-align-start .elementor-divider .elementor-divider-separator>.elementor-divider__svg:first-of-type{flex-grow:0;flex-shrink:100}.elementor-widget-divider--element-align-start .elementor-divider-separator:before{content:none}.elementor-widget-divider--element-align-start .elementor-divider__element{margin-inline-start:0}.elementor-widget-divider--element-align-end .elementor-divider .elementor-divider-separator>.elementor-divider__svg:last-of-type{flex-grow:0;flex-shrink:100}.elementor-widget-divider--element-align-end .elementor-divider-separator:after{content:none}.elementor-widget-divider--element-align-end .elementor-divider__element{margin-inline-end:0}.elementor-widget-divider:not(.elementor-widget-divider--view-line_text):not(.elementor-widget-divider--view-line_icon) .elementor-divider-separator{border-block-start:var(--divider-border-width) var(--divider-border-style) var(--divider-color)}.elementor-widget-divider--separator-type-pattern{--divider-border-style:none}.elementor-widget-divider--separator-type-pattern.elementor-widget-divider--view-line .elementor-divider-separator,.elementor-widget-divider--separator-type-pattern:not(.elementor-widget-divider--view-line) .elementor-divider-separator:after,.elementor-widget-divider--separator-type-pattern:not(.elementor-widget-divider--view-line) .elementor-divider-separator:before,.elementor-widget-divider--separator-type-pattern:not([class*=elementor-widget-divider--view]) .elementor-divider-separator{width:100%;min-height:var(--divider-pattern-height);-webkit-mask-size:var(--divider-pattern-size) 100%;mask-size:var(--divider-pattern-size) 100%;-webkit-mask-repeat:var(--divider-pattern-repeat);mask-repeat:var(--divider-pattern-repeat);background-color:var(--divider-color);-webkit-mask-image:var(--divider-pattern-url);mask-image:var(--divider-pattern-url)}.elementor-widget-divider--no-spacing{--divider-pattern-size:auto}.elementor-widget-divider--bg-round{--divider-pattern-repeat:round}.rtl .elementor-widget-divider .elementor-divider__text{direction:rtl}.e-con-inner>.elementor-widget-divider,.e-con>.elementor-widget-divider{width:var(--container-widget-width,100%);--flex-grow:var(--container-widget-flex-grow)}<\/style>\t\t<div class=\"elementor-divider\">\n\t\t\t<span class=\"elementor-divider-separator\">\n\t\t\t\t\t\t<\/span>\n\t\t<\/div>\n\t\t\t\t<\/div>\n\t\t\t\t<\/div>\n\t\t\t\t<div class=\"elementor-element elementor-element-f09d90e elementor-widget elementor-widget-text-editor\" data-id=\"f09d90e\" data-element_type=\"widget\" data-widget_type=\"text-editor.default\">\n\t\t\t\t<div class=\"elementor-widget-container\">\n\t\t\t\t\t\t\t<p>Som una associaci\u00f3 sense \u00e0nim de lucre, fundada en 2004, l&#8217;objectiu del qual \u00e9s AJUDAR a les fam\u00edlies numeroses valencianes.<\/p>\n<p>Estem conven\u00e7uts de que l&#8217;uni\u00f3 fa la for\u00e7a, i la for\u00e7a \u00e9s lo que necessitem les fam\u00edlies numeroses de Val\u00e9ncia per a que des de l&#8217;Administraci\u00f3 defenguen els nostres interessos i necessitats.<\/p>\n\t\t\t\t\t\t<\/div>\n\t\t\t\t<\/div>\n\t\t\t\t\t<\/div>\n\t\t<\/div>\n\t\t\t\t<div class=\"elementor-column elementor-col-50 elementor-top-column elementor-element elementor-element-5f08e1b\" data-id=\"5f08e1b\" data-element_type=\"column\">\n\t\t\t<div class=\"elementor-widget-wrap elementor-element-populated\">\n\t\t\t\t\t\t<div class=\"elementor-element elementor-element-cf91094 elementor-widget elementor-widget-image\" data-id=\"cf91094\" data-element_type=\"widget\" data-widget_type=\"image.default\">\n\t\t\t\t<div class=\"elementor-widget-container\">\n\t\t\t<style>\/*! elementor - v3.23.0 - 15-07-2024 *\/\n.elementor-widget-image{text-align:center}.elementor-widget-image a{display:inline-block}.elementor-widget-image a img[src$=\".svg\"]{width:48px}.elementor-widget-image img{vertical-align:middle;display:inline-block}<\/style>\t\t\t\t\t\t\t\t\t\t<img fetchpriority=\"high\" decoding=\"async\" width=\"292\" height=\"300\" src=\"https:\/\/masdedos.org\/wp-content\/uploads\/2025\/02\/WhatsApp-Image-2024-05-21-at-10.25.23-12-292x300.jpg\" class=\"attachment-medium size-medium wp-image-453270\" alt=\"\" srcset=\"https:\/\/masdedos.org\/wp-content\/uploads\/2025\/02\/WhatsApp-Image-2024-05-21-at-10.25.23-12-292x300.jpg 292w, https:\/\/masdedos.org\/wp-content\/uploads\/2025\/02\/WhatsApp-Image-2024-05-21-at-10.25.23-12-995x1024.jpg 995w, https:\/\/masdedos.org\/wp-content\/uploads\/2025\/02\/WhatsApp-Image-2024-05-21-at-10.25.23-12-768x790.jpg 768w, https:\/\/masdedos.org\/wp-content\/uploads\/2025\/02\/WhatsApp-Image-2024-05-21-at-10.25.23-12-1493x1536.jpg 1493w, https:\/\/masdedos.org\/wp-content\/uploads\/2025\/02\/WhatsApp-Image-2024-05-21-at-10.25.23-12-700x720.jpg 700w, https:\/\/masdedos.org\/wp-content\/uploads\/2025\/02\/WhatsApp-Image-2024-05-21-at-10.25.23-12.jpg 1534w\" sizes=\"(max-width: 292px) 100vw, 292px\" \/>\t\t\t\t\t\t\t\t\t\t\t\t\t<\/div>\n\t\t\t\t<\/div>\n\t\t\t\t\t<\/div>\n\t\t<\/div>\n\t\t\t\t\t<\/div>\n\t\t<\/section>\n\t\t<div class=\"elementor-element elementor-element-8e9ce39 e-flex e-con-boxed parallax_section_no qode_elementor_container_no e-con e-parent\" data-id=\"8e9ce39\" data-element_type=\"container\" data-settings=\"{&quot;background_background&quot;:&quot;classic&quot;}\">\n\t\t\t\t\t<div class=\"e-con-inner\">\n\t\t\t\t<div class=\"elementor-element elementor-element-376d322 elementor-widget elementor-widget-text-editor\" data-id=\"376d322\" data-element_type=\"widget\" data-widget_type=\"text-editor.default\">\n\t\t\t\t<div class=\"elementor-widget-container\">\n\t\t\t\t\t\t\t<h2>Misi\u00f3<\/h2>\n<p style=\"text-align: justify;\">La missi\u00f3 de MAS DE DOS Fam\u00edlies Numeroses de Val\u00e9ncia \u00e9s recolzar a les fam\u00edlies numeroses valencianes i defendre els seus interessos en tots els nivells.<\/p>\n<h2><\/h2>\n<div><\/div>\n<h2>Visi\u00f3<\/h2>\n<p style=\"text-align: justify;\">Creem en l&#8217;import\u00e0ncia del paper de la fam\u00edlia numerosa en la societat; per aix\u00f2 defenem els drets de les fam\u00edlies numeroses oferint un servici d&#8217;assessorament i informaci\u00f3.<br \/>\nTreballem per conscienciar a les diferents administracions les necessitats de les fam\u00edlies numeroses realisant campanyes de concienciaci\u00f3 i sensibilisaci\u00f3.<\/p>\n<h2>Valors<\/h2>\n<p><img decoding=\"async\" class=\"aligncenter wp-image-453266 size-full\" src=\"https:\/\/masdedos.org\/wp-content\/uploads\/2025\/04\/Self-Care-Ideas-Infographic-Pie-Chart-Graph.png\" alt=\"\" width=\"1024\" height=\"768\" srcset=\"https:\/\/masdedos.org\/wp-content\/uploads\/2025\/04\/Self-Care-Ideas-Infographic-Pie-Chart-Graph.png 1024w, https:\/\/masdedos.org\/wp-content\/uploads\/2025\/04\/Self-Care-Ideas-Infographic-Pie-Chart-Graph-300x225.png 300w, https:\/\/masdedos.org\/wp-content\/uploads\/2025\/04\/Self-Care-Ideas-Infographic-Pie-Chart-Graph-768x576.png 768w, https:\/\/masdedos.org\/wp-content\/uploads\/2025\/04\/Self-Care-Ideas-Infographic-Pie-Chart-Graph-800x600.png 800w, https:\/\/masdedos.org\/wp-content\/uploads\/2025\/04\/Self-Care-Ideas-Infographic-Pie-Chart-Graph-700x525.png 700w\" sizes=\"(max-width: 1024px) 100vw, 1024px\" \/><\/p>\n\t\t\t\t\t\t<\/div>\n\t\t\t\t<\/div>\n\t\t\t\t\t<\/div>\n\t\t\t\t<\/div>\n\t\t\t\t<section class=\"elementor-section elementor-top-section elementor-element elementor-element-55fd27a6 elementor-section-full_width qode_elementor_container_inner elementor-reverse-tablet elementor-reverse-mobile elementor-section-height-default elementor-section-height-default parallax_section_no\" data-id=\"55fd27a6\" data-element_type=\"section\" data-settings=\"{&quot;background_background&quot;:&quot;classic&quot;}\">\n\t\t\t\t\t\t<div class=\"elementor-container elementor-column-gap-default\">\n\t\t\t\t\t<div class=\"elementor-column elementor-col-50 elementor-top-column elementor-element elementor-element-2bb7c217\" data-id=\"2bb7c217\" data-element_type=\"column\">\n\t\t\t<div class=\"elementor-widget-wrap elementor-element-populated\">\n\t\t\t\t\t\t<div class=\"elementor-element elementor-element-21a8743c elementor-widget elementor-widget-text-editor\" data-id=\"21a8743c\" data-element_type=\"widget\" data-widget_type=\"text-editor.default\">\n\t\t\t\t<div class=\"elementor-widget-container\">\n\t\t\t\t\t\t\t<h1>Junta i equip<\/h1>\n\t\t\t\t\t\t<\/div>\n\t\t\t\t<\/div>\n\t\t\t\t<div class=\"elementor-element elementor-element-4d47a4c5 elementor-widget-divider--view-line elementor-widget elementor-widget-divider\" data-id=\"4d47a4c5\" data-element_type=\"widget\" data-widget_type=\"divider.default\">\n\t\t\t\t<div class=\"elementor-widget-container\">\n\t\t\t\t\t<div class=\"elementor-divider\">\n\t\t\t<span class=\"elementor-divider-separator\">\n\t\t\t\t\t\t<\/span>\n\t\t<\/div>\n\t\t\t\t<\/div>\n\t\t\t\t<\/div>\n\t\t\t\t<div class=\"elementor-element elementor-element-cd662e4 elementor-widget elementor-widget-text-editor\" data-id=\"cd662e4\" data-element_type=\"widget\" data-widget_type=\"text-editor.default\">\n\t\t\t\t<div class=\"elementor-widget-container\">\n\t\t\t\t\t\t\t<h4>COMPOSICI\u00d3 DE LA JUNTA<\/h4><p>Presidents: Clara Forn\u00e9s Roig i Miguel Bolivar Tejedo<\/p><p>Vicepresidents: Celia Chavero Escamilla i Jos\u00e9 \u00c1ngel Garc\u00eda Garc\u00eda<\/p><p>Secretaris: Loreto Ayuso Gonz\u00e1lez-Montagud i Francisco Grau de Corral<\/p><p>Tesorers: Ana Giner Corell i Francisco de Borja Moragues Mi\u00f1ana<\/p><p>Vocals: Sol Llixiona Gomez-Igual , Javier Garc\u00eda Bellvert, Patricia \u00c1lvaro Llop, Guillermo Fern\u00e1ndez Darder, Lourdes Lucea Llinares, Juan Conca Dur\u00e1n, Alejandra Rausell Tena i David Martinez Zafra, Isabel Aleix Hern\u00e1ndez i Federico Costa-Juss\u00e1 Bord\u00e0s.<\/p><h4>\u00a0<\/h4><h4>COMPOSICI\u00d3N DE L&#8217;EQUIP LABORAL<\/h4><p class=\"v1MsoNormal\">Atenci\u00f3 a Fam\u00edlies: Carmen Ruiz Baixauli<\/p><p class=\"v1MsoNormal\">Acci\u00f3 social i Solidaritat: Paula del Valle M\u00e1s<\/p><p class=\"v1MsoNormal\">Atenci\u00f3 a Fam\u00edlies: Teresa Palac\u00edn Lluch<\/p><p class=\"v1MsoNormal\">Atenci\u00f3 social: Ana Mart\u00ednez Nevado<\/p><p class=\"v1MsoNormal\">Relacions institucionals: Clara Forn\u00e9s Roig<\/p><p><strong>\u00a0<\/strong><\/p>\t\t\t\t\t\t<\/div>\n\t\t\t\t<\/div>\n\t\t\t\t\t<\/div>\n\t\t<\/div>\n\t\t\t\t<div class=\"elementor-column elementor-col-50 elementor-top-column elementor-element elementor-element-46d23ad7\" data-id=\"46d23ad7\" data-element_type=\"column\">\n\t\t\t<div class=\"elementor-widget-wrap elementor-element-populated\">\n\t\t\t\t\t\t<div class=\"elementor-element elementor-element-5e663e97 elementor-widget elementor-widget-image\" data-id=\"5e663e97\" data-element_type=\"widget\" data-widget_type=\"image.default\">\n\t\t\t\t<div class=\"elementor-widget-container\">\n\t\t\t\t\t\t\t\t\t\t\t\t\t<img decoding=\"async\" width=\"2560\" height=\"1707\" src=\"https:\/\/masdedos.org\/wp-content\/uploads\/2025\/02\/GUI1548-scaled.jpg\" class=\"attachment-full size-full wp-image-453271\" alt=\"\" srcset=\"https:\/\/masdedos.org\/wp-content\/uploads\/2025\/02\/GUI1548-scaled.jpg 2560w, https:\/\/masdedos.org\/wp-content\/uploads\/2025\/02\/GUI1548-300x200.jpg 300w, https:\/\/masdedos.org\/wp-content\/uploads\/2025\/02\/GUI1548-1024x683.jpg 1024w, https:\/\/masdedos.org\/wp-content\/uploads\/2025\/02\/GUI1548-768x512.jpg 768w, https:\/\/masdedos.org\/wp-content\/uploads\/2025\/02\/GUI1548-1536x1024.jpg 1536w, https:\/\/masdedos.org\/wp-content\/uploads\/2025\/02\/GUI1548-2048x1365.jpg 2048w, https:\/\/masdedos.org\/wp-content\/uploads\/2025\/02\/GUI1548-700x467.jpg 700w\" sizes=\"(max-width: 2560px) 100vw, 2560px\" \/>\t\t\t\t\t\t\t\t\t\t\t\t\t<\/div>\n\t\t\t\t<\/div>\n\t\t\t\t\t<\/div>\n\t\t<\/div>\n\t\t\t\t\t<\/div>\n\t\t<\/section>\n\t\t\t\t<\/div>\n\t\t","protected":false},"excerpt":{"rendered":"<p>MAS DE DOS Fam\u00edlies Numeroses de Val\u00e9ncia Som una associaci\u00f3 sense \u00e0nim de lucre, fundada en 2004, l&#8217;objectiu del qual \u00e9s AJUDAR a les fam\u00edlies numeroses valencianes. Estem conven\u00e7uts de que l&#8217;uni\u00f3 fa la for\u00e7a, i la for\u00e7a \u00e9s lo que necessitem les fam\u00edlies numeroses&#8230;<\/p>\n","protected":false},"author":1,"featured_media":0,"parent":0,"menu_order":0,"comment_status":"closed","ping_status":"closed","template":"","meta":{"content-type":"","footnotes":""},"yoast_head":"<!-- This site is optimized with the Yoast SEO plugin v23.4 - https:\/\/yoast.com\/wordpress\/plugins\/seo\/ -->\n<title>Sobre MAS DE DOS - M\u00c1S DE DOS<\/title>\n<meta name=\"robots\" content=\"index, follow, max-snippet:-1, max-image-preview:large, max-video-preview:-1\" \/>\n<link rel=\"canonical\" href=\"https:\/\/masdedos.org\/val\/sobre-masdedos\/\" \/>\n<meta property=\"og:locale\" content=\"en_US\" \/>\n<meta property=\"og:type\" content=\"article\" \/>\n<meta property=\"og:title\" content=\"Sobre MAS DE DOS - M\u00c1S DE DOS\" \/>\n<meta property=\"og:description\" content=\"MAS DE DOS Fam\u00edlies Numeroses de Val\u00e9ncia Som una associaci\u00f3 sense \u00e0nim de lucre, fundada en 2004, l&#8217;objectiu del qual \u00e9s AJUDAR a les fam\u00edlies numeroses valencianes. Estem conven\u00e7uts de que l&#8217;uni\u00f3 fa la for\u00e7a, i la for\u00e7a \u00e9s lo que necessitem les fam\u00edlies numeroses...\" \/>\n<meta property=\"og:url\" content=\"https:\/\/masdedos.org\/val\/sobre-masdedos\/\" \/>\n<meta property=\"og:site_name\" content=\"M\u00c1S DE DOS\" \/>\n<meta property=\"article:modified_time\" content=\"2025-04-21T15:10:25+00:00\" \/>\n<meta property=\"og:image\" content=\"https:\/\/masdedos.org\/wp-content\/uploads\/2025\/02\/WhatsApp-Image-2024-05-21-at-10.25.23-12-292x300.jpg\" \/>\n<meta name=\"twitter:card\" content=\"summary_large_image\" \/>\n<meta name=\"twitter:label1\" content=\"Est. reading time\" \/>\n\t<meta name=\"twitter:data1\" content=\"2 minutes\" \/>\n<script type=\"application\/ld+json\" class=\"yoast-schema-graph\">{\"@context\":\"https:\/\/schema.org\",\"@graph\":[{\"@type\":\"WebPage\",\"@id\":\"https:\/\/masdedos.org\/val\/sobre-masdedos\/\",\"url\":\"https:\/\/masdedos.org\/val\/sobre-masdedos\/\",\"name\":\"Sobre MAS DE DOS - M\u00c1S DE DOS\",\"isPartOf\":{\"@id\":\"https:\/\/masdedos.org\/val\/#website\"},\"primaryImageOfPage\":{\"@id\":\"https:\/\/masdedos.org\/val\/sobre-masdedos\/#primaryimage\"},\"image\":{\"@id\":\"https:\/\/masdedos.org\/val\/sobre-masdedos\/#primaryimage\"},\"thumbnailUrl\":\"https:\/\/masdedos.org\/wp-content\/uploads\/2025\/02\/WhatsApp-Image-2024-05-21-at-10.25.23-12-292x300.jpg\",\"datePublished\":\"2024-09-03T12:01:56+00:00\",\"dateModified\":\"2025-04-21T15:10:25+00:00\",\"breadcrumb\":{\"@id\":\"https:\/\/masdedos.org\/val\/sobre-masdedos\/#breadcrumb\"},\"inLanguage\":\"val\",\"potentialAction\":[{\"@type\":\"ReadAction\",\"target\":[\"https:\/\/masdedos.org\/val\/sobre-masdedos\/\"]}]},{\"@type\":\"ImageObject\",\"inLanguage\":\"val\",\"@id\":\"https:\/\/masdedos.org\/val\/sobre-masdedos\/#primaryimage\",\"url\":\"https:\/\/masdedos.org\/wp-content\/uploads\/2025\/02\/WhatsApp-Image-2024-05-21-at-10.25.23-12-292x300.jpg\",\"contentUrl\":\"https:\/\/masdedos.org\/wp-content\/uploads\/2025\/02\/WhatsApp-Image-2024-05-21-at-10.25.23-12-292x300.jpg\"},{\"@type\":\"BreadcrumbList\",\"@id\":\"https:\/\/masdedos.org\/val\/sobre-masdedos\/#breadcrumb\",\"itemListElement\":[{\"@type\":\"ListItem\",\"position\":1,\"name\":\"Portada\",\"item\":\"https:\/\/masdedos.org\/val\/\"},{\"@type\":\"ListItem\",\"position\":2,\"name\":\"Sobre MAS DE DOS\"}]},{\"@type\":\"WebSite\",\"@id\":\"https:\/\/masdedos.org\/val\/#website\",\"url\":\"https:\/\/masdedos.org\/val\/\",\"name\":\"M\u00c1S DE DOS\",\"description\":\"Asociaci\u00f3n de Familias Numerosas de Valencia\",\"potentialAction\":[{\"@type\":\"SearchAction\",\"target\":{\"@type\":\"EntryPoint\",\"urlTemplate\":\"https:\/\/masdedos.org\/val\/?s={search_term_string}\"},\"query-input\":{\"@type\":\"PropertyValueSpecification\",\"valueRequired\":true,\"valueName\":\"search_term_string\"}}],\"inLanguage\":\"val\"}]}<\/script>\n<!-- \/ Yoast SEO plugin. -->","yoast_head_json":{"title":"Sobre MAS DE DOS - M\u00c1S DE DOS","robots":{"index":"index","follow":"follow","max-snippet":"max-snippet:-1","max-image-preview":"max-image-preview:large","max-video-preview":"max-video-preview:-1"},"canonical":"https:\/\/masdedos.org\/val\/sobre-masdedos\/","og_locale":"en_US","og_type":"article","og_title":"Sobre MAS DE DOS - M\u00c1S DE DOS","og_description":"MAS DE DOS Fam\u00edlies Numeroses de Val\u00e9ncia Som una associaci\u00f3 sense \u00e0nim de lucre, fundada en 2004, l&#8217;objectiu del qual \u00e9s AJUDAR a les fam\u00edlies numeroses valencianes. Estem conven\u00e7uts de que l&#8217;uni\u00f3 fa la for\u00e7a, i la for\u00e7a \u00e9s lo que necessitem les fam\u00edlies numeroses...","og_url":"https:\/\/masdedos.org\/val\/sobre-masdedos\/","og_site_name":"M\u00c1S DE DOS","article_modified_time":"2025-04-21T15:10:25+00:00","og_image":[{"url":"https:\/\/masdedos.org\/wp-content\/uploads\/2025\/02\/WhatsApp-Image-2024-05-21-at-10.25.23-12-292x300.jpg"}],"twitter_card":"summary_large_image","twitter_misc":{"Est. reading time":"2 minutes"},"schema":{"@context":"https:\/\/schema.org","@graph":[{"@type":"WebPage","@id":"https:\/\/masdedos.org\/val\/sobre-masdedos\/","url":"https:\/\/masdedos.org\/val\/sobre-masdedos\/","name":"Sobre MAS DE DOS - M\u00c1S DE DOS","isPartOf":{"@id":"https:\/\/masdedos.org\/val\/#website"},"primaryImageOfPage":{"@id":"https:\/\/masdedos.org\/val\/sobre-masdedos\/#primaryimage"},"image":{"@id":"https:\/\/masdedos.org\/val\/sobre-masdedos\/#primaryimage"},"thumbnailUrl":"https:\/\/masdedos.org\/wp-content\/uploads\/2025\/02\/WhatsApp-Image-2024-05-21-at-10.25.23-12-292x300.jpg","datePublished":"2024-09-03T12:01:56+00:00","dateModified":"2025-04-21T15:10:25+00:00","breadcrumb":{"@id":"https:\/\/masdedos.org\/val\/sobre-masdedos\/#breadcrumb"},"inLanguage":"val","potentialAction":[{"@type":"ReadAction","target":["https:\/\/masdedos.org\/val\/sobre-masdedos\/"]}]},{"@type":"ImageObject","inLanguage":"val","@id":"https:\/\/masdedos.org\/val\/sobre-masdedos\/#primaryimage","url":"https:\/\/masdedos.org\/wp-content\/uploads\/2025\/02\/WhatsApp-Image-2024-05-21-at-10.25.23-12-292x300.jpg","contentUrl":"https:\/\/masdedos.org\/wp-content\/uploads\/2025\/02\/WhatsApp-Image-2024-05-21-at-10.25.23-12-292x300.jpg"},{"@type":"BreadcrumbList","@id":"https:\/\/masdedos.org\/val\/sobre-masdedos\/#breadcrumb","itemListElement":[{"@type":"ListItem","position":1,"name":"Portada","item":"https:\/\/masdedos.org\/val\/"},{"@type":"ListItem","position":2,"name":"Sobre MAS DE DOS"}]},{"@type":"WebSite","@id":"https:\/\/masdedos.org\/val\/#website","url":"https:\/\/masdedos.org\/val\/","name":"M\u00c1S DE DOS","description":"Asociaci\u00f3n de Familias Numerosas de Valencia","potentialAction":[{"@type":"SearchAction","target":{"@type":"EntryPoint","urlTemplate":"https:\/\/masdedos.org\/val\/?s={search_term_string}"},"query-input":{"@type":"PropertyValueSpecification","valueRequired":true,"valueName":"search_term_string"}}],"inLanguage":"val"}]}},"_links":{"self":[{"href":"https:\/\/masdedos.org\/val\/wp-json\/wp\/v2\/pages\/2325"}],"collection":[{"href":"https:\/\/masdedos.org\/val\/wp-json\/wp\/v2\/pages"}],"about":[{"href":"https:\/\/masdedos.org\/val\/wp-json\/wp\/v2\/types\/page"}],"author":[{"embeddable":true,"href":"https:\/\/masdedos.org\/val\/wp-json\/wp\/v2\/users\/1"}],"replies":[{"embeddable":true,"href":"https:\/\/masdedos.org\/val\/wp-json\/wp\/v2\/comments?post=2325"}],"version-history":[{"count":13,"href":"https:\/\/masdedos.org\/val\/wp-json\/wp\/v2\/pages\/2325\/revisions"}],"predecessor-version":[{"id":453280,"href":"https:\/\/masdedos.org\/val\/wp-json\/wp\/v2\/pages\/2325\/revisions\/453280"}],"wp:attachment":[{"href":"https:\/\/masdedos.org\/val\/wp-json\/wp\/v2\/media?parent=2325"}],"curies":[{"name":"wp","href":"https:\/\/api.w.org\/{rel}","templated":true}]}}